{"id":3146,"date":"2025-11-03T15:04:33","date_gmt":"2025-11-03T12:04:33","guid":{"rendered":"https:\/\/goldberg.lv\/shop\/gr-1-311-saddle-contoured-metal-matrices-12pcs\/"},"modified":"2026-04-15T17:48:37","modified_gmt":"2026-04-15T14:48:37","slug":"gr-1-311-saddle-contoured-metal-matrices-12pcs","status":"publish","type":"product","link":"https:\/\/goldberg.lv\/lv\/shop\/gr-1-311-saddle-contoured-metal-matrices-12pcs\/","title":{"rendered":"GR 1.311 Saddle Contoured Metal Matrices 12pcs"},"content":{"rendered":"<h5>S\u0113dek\u013ca kont\u016brveida met\u0101la matricas<br \/>\nmazs<\/h5>\n<p>12 gab.<\/p>\n<p>&nbsp;<\/p>\n<p>Ir 4 formu matricas:<br \/>\nforma 1 - standarta,<br \/>\nforma 2 - ar regul\u0113jamu centr\u0101lo da\u013cu,<br \/>\n3. forma - ar papla\u0161in\u0101tu subgingiv\u0101lo l\u012bst\u012bti,<br \/>\nforma 4 - ar sa\u0161aurin\u0101t\u0101m mal\u0101m.<\/p>","protected":false},"excerpt":{"rendered":"<p>Saddle Contoured Metal Matrices small 12 pcs. &nbsp; There are matrices of 4 shapes: shape 1 &#8211; standard, shape 2<\/p>","protected":false},"featured_media":5593,"template":"","meta":[],"product_brand":[103],"product_cat":[57,111],"product_tag":[],"class_list":{"0":"post-3146","1":"product","2":"type-product","3":"status-publish","4":"has-post-thumbnail","6":"product_brand-tor","7":"product_cat-tor","8":"product_cat-therapy","10":"first","11":"outofstock","12":"shipping-taxable","13":"purchasable","14":"product-type-simple"},"_links":{"self":[{"href":"https:\/\/goldberg.lv\/lv\/wp-json\/wp\/v2\/product\/3146","targetHints":{"allow":["GET"]}}],"collection":[{"href":"https:\/\/goldberg.lv\/lv\/wp-json\/wp\/v2\/product"}],"about":[{"href":"https:\/\/goldberg.lv\/lv\/wp-json\/wp\/v2\/types\/product"}],"wp:featuredmedia":[{"embeddable":true,"href":"https:\/\/goldberg.lv\/lv\/wp-json\/wp\/v2\/media\/5593"}],"wp:attachment":[{"href":"https:\/\/goldberg.lv\/lv\/wp-json\/wp\/v2\/media?parent=3146"}],"wp:term":[{"taxonomy":"product_brand","embeddable":true,"href":"https:\/\/goldberg.lv\/lv\/wp-json\/wp\/v2\/product_brand?post=3146"},{"taxonomy":"product_cat","embeddable":true,"href":"https:\/\/goldberg.lv\/lv\/wp-json\/wp\/v2\/product_cat?post=3146"},{"taxonomy":"product_tag","embeddable":true,"href":"https:\/\/goldberg.lv\/lv\/wp-json\/wp\/v2\/product_tag?post=3146"}],"curies":[{"name":"wp","href":"https:\/\/api.w.org\/{rel}","templated":true}]}}