{"id":3145,"date":"2025-11-03T15:04:32","date_gmt":"2025-11-03T12:04:32","guid":{"rendered":"https:\/\/goldberg.lv\/shop\/gr-1-310-saddle-metal-matrices-18-pcs-springclip\/"},"modified":"2026-04-15T17:48:35","modified_gmt":"2026-04-15T14:48:35","slug":"gr-1-310-saddle-metal-matrices-18-pcs-springclip","status":"publish","type":"product","link":"https:\/\/goldberg.lv\/lv\/shop\/gr-1-310-saddle-metal-matrices-18-pcs-springclip\/","title":{"rendered":"GR 1.310 Saddle Metal Matrices 18 pcs + springclip"},"content":{"rendered":"<h5>Seglu met\u0101la matricas.<\/h5>\n<p>18 gab.:<\/p>\n<p>&nbsp;<\/p>\n<p>mazs \u2116 1.311(1) - 6 gab.,<br \/>\nvid\u0113js \u2116 1.312(1) - 6 gab.,<br \/>\nliels \u2116 1.313(1) - 6 gab.,<br \/>\nmaz\u0101 atsperes skava Nr. 1.003 - 1 gab.<\/p>\n<p>Ir pieejamas divu biezumu matricas - 0,050 mm un 0,035 mm.<br \/>\nL\u016bdzu, nor\u0101diet nepiecie\u0161amo veidu, piem\u0113ram, 1,310 - 0,035 mm, pret\u0113j\u0101 gad\u012bjum\u0101 sa\u0146emsiet pirm\u0101 veida matrices, t. i., 0,050 mm.<\/p>","protected":false},"excerpt":{"rendered":"<p>Saddle Metal Matrices. 18 pcs.: &nbsp; small \u2116 1.311(1) &#8211; 6 pcs., medium \u2116 1.312(1) &#8211; 6 pcs., large \u2116<\/p>","protected":false},"featured_media":5597,"template":"","meta":[],"product_brand":[103],"product_cat":[57,111],"product_tag":[],"class_list":{"0":"post-3145","1":"product","2":"type-product","3":"status-publish","4":"has-post-thumbnail","6":"product_brand-tor","7":"product_cat-tor","8":"product_cat-therapy","10":"first","11":"instock","12":"shipping-taxable","13":"purchasable","14":"product-type-simple"},"_links":{"self":[{"href":"https:\/\/goldberg.lv\/lv\/wp-json\/wp\/v2\/product\/3145","targetHints":{"allow":["GET"]}}],"collection":[{"href":"https:\/\/goldberg.lv\/lv\/wp-json\/wp\/v2\/product"}],"about":[{"href":"https:\/\/goldberg.lv\/lv\/wp-json\/wp\/v2\/types\/product"}],"wp:featuredmedia":[{"embeddable":true,"href":"https:\/\/goldberg.lv\/lv\/wp-json\/wp\/v2\/media\/5597"}],"wp:attachment":[{"href":"https:\/\/goldberg.lv\/lv\/wp-json\/wp\/v2\/media?parent=3145"}],"wp:term":[{"taxonomy":"product_brand","embeddable":true,"href":"https:\/\/goldberg.lv\/lv\/wp-json\/wp\/v2\/product_brand?post=3145"},{"taxonomy":"product_cat","embeddable":true,"href":"https:\/\/goldberg.lv\/lv\/wp-json\/wp\/v2\/product_cat?post=3145"},{"taxonomy":"product_tag","embeddable":true,"href":"https:\/\/goldberg.lv\/lv\/wp-json\/wp\/v2\/product_tag?post=3145"}],"curies":[{"name":"wp","href":"https:\/\/api.w.org\/{rel}","templated":true}]}}