{"id":3144,"date":"2025-11-03T15:04:31","date_gmt":"2025-11-03T12:04:31","guid":{"rendered":"https:\/\/goldberg.lv\/shop\/gr-1-301-saddle-metal-matrices-12pcs\/"},"modified":"2026-04-15T16:18:30","modified_gmt":"2026-04-15T13:18:30","slug":"gr-1-301-saddle-metal-matrices-12pcs","status":"publish","type":"product","link":"https:\/\/goldberg.lv\/lv\/shop\/gr-1-301-saddle-metal-matrices-12pcs\/","title":{"rendered":"GR 1.301 Saddle Metal Matrices 12pcs"},"content":{"rendered":"<h5>Seglu met\u0101la matricas<br \/>\nmazs<\/h5>\n<p>12 gab.<\/p>\n<p>&nbsp;<\/p>\n<p>Ir 4 formu matricas:<br \/>\nforma 1 - standarta,<br \/>\nforma 2 - ar regul\u0113jamu centr\u0101lo da\u013cu,<br \/>\n3. forma - ar papla\u0161in\u0101tu subgingiv\u0101lo l\u012bst\u012bti,<br \/>\nforma 4 - ar sa\u0161aurin\u0101t\u0101m mal\u0101m.<\/p>\n<p>&nbsp;<\/p>\n<p>&nbsp;<\/p>\n<p><em>Visas matricas ir pieejamas divu biezumu - 0,050 mm un 0,035 mm.<br \/>\nL\u016bdzu, nor\u0101diet nepiecie\u0161amo veidu, piem\u0113ram, 1,301 - 0,035 mm, pret\u0113j\u0101 gad\u012bjum\u0101 sa\u0146emsiet pirm\u0101 veida matrices, t. i., 0,050 mm.<\/em><\/p>","protected":false},"excerpt":{"rendered":"<p>Saddle Metal Matrices small 12 pcs. &nbsp; There are matrices of 4 shapes: shape 1 &#8211; standard, shape 2 &#8211;<\/p>","protected":false},"featured_media":5598,"template":"","meta":[],"product_brand":[103],"product_cat":[57,111],"product_tag":[],"class_list":{"0":"post-3144","1":"product","2":"type-product","3":"status-publish","4":"has-post-thumbnail","6":"product_brand-tor","7":"product_cat-tor","8":"product_cat-therapy","10":"first","11":"instock","12":"shipping-taxable","13":"purchasable","14":"product-type-simple"},"_links":{"self":[{"href":"https:\/\/goldberg.lv\/lv\/wp-json\/wp\/v2\/product\/3144","targetHints":{"allow":["GET"]}}],"collection":[{"href":"https:\/\/goldberg.lv\/lv\/wp-json\/wp\/v2\/product"}],"about":[{"href":"https:\/\/goldberg.lv\/lv\/wp-json\/wp\/v2\/types\/product"}],"wp:featuredmedia":[{"embeddable":true,"href":"https:\/\/goldberg.lv\/lv\/wp-json\/wp\/v2\/media\/5598"}],"wp:attachment":[{"href":"https:\/\/goldberg.lv\/lv\/wp-json\/wp\/v2\/media?parent=3144"}],"wp:term":[{"taxonomy":"product_brand","embeddable":true,"href":"https:\/\/goldberg.lv\/lv\/wp-json\/wp\/v2\/product_brand?post=3144"},{"taxonomy":"product_cat","embeddable":true,"href":"https:\/\/goldberg.lv\/lv\/wp-json\/wp\/v2\/product_cat?post=3144"},{"taxonomy":"product_tag","embeddable":true,"href":"https:\/\/goldberg.lv\/lv\/wp-json\/wp\/v2\/product_tag?post=3144"}],"curies":[{"name":"wp","href":"https:\/\/api.w.org\/{rel}","templated":true}]}}