{"id":3134,"date":"2025-11-03T15:04:20","date_gmt":"2025-11-03T12:04:20","guid":{"rendered":"https:\/\/goldberg.lv\/shop\/gr-1-190-transparent-contoured-matrices-60pcs\/"},"modified":"2026-04-15T17:48:14","modified_gmt":"2026-04-15T14:48:14","slug":"gr-1-190-transparent-contoured-matrices-60pcs","status":"publish","type":"product","link":"https:\/\/goldberg.lv\/lv\/shop\/gr-1-190-transparent-contoured-matrices-60pcs\/","title":{"rendered":"GR 1.190 Caursp\u012bd\u012bgas kont\u016brveida matricas 60 gab."},"content":{"rendered":"","protected":false},"excerpt":{"rendered":"","protected":false},"featured_media":0,"template":"","meta":[],"product_brand":[103],"product_cat":[57],"product_tag":[],"class_list":{"0":"post-3134","1":"product","2":"type-product","3":"status-publish","5":"product_brand-tor","6":"product_cat-tor","8":"first","9":"outofstock","10":"shipping-taxable","11":"purchasable","12":"product-type-simple"},"_links":{"self":[{"href":"https:\/\/goldberg.lv\/lv\/wp-json\/wp\/v2\/product\/3134","targetHints":{"allow":["GET"]}}],"collection":[{"href":"https:\/\/goldberg.lv\/lv\/wp-json\/wp\/v2\/product"}],"about":[{"href":"https:\/\/goldberg.lv\/lv\/wp-json\/wp\/v2\/types\/product"}],"wp:attachment":[{"href":"https:\/\/goldberg.lv\/lv\/wp-json\/wp\/v2\/media?parent=3134"}],"wp:term":[{"taxonomy":"product_brand","embeddable":true,"href":"https:\/\/goldberg.lv\/lv\/wp-json\/wp\/v2\/product_brand?post=3134"},{"taxonomy":"product_cat","embeddable":true,"href":"https:\/\/goldberg.lv\/lv\/wp-json\/wp\/v2\/product_cat?post=3134"},{"taxonomy":"product_tag","embeddable":true,"href":"https:\/\/goldberg.lv\/lv\/wp-json\/wp\/v2\/product_tag?post=3134"}],"curies":[{"name":"wp","href":"https:\/\/api.w.org\/{rel}","templated":true}]}}