{"id":3124,"date":"2025-11-03T15:04:08","date_gmt":"2025-11-03T12:04:08","guid":{"rendered":"https:\/\/goldberg.lv\/shop\/gr-1-094-transparent-contoured-matrices-combined-with-clamp-10pcs\/"},"modified":"2026-04-15T17:47:56","modified_gmt":"2026-04-15T14:47:56","slug":"gr-1-094-transparent-contoured-matrices-combined-with-clamp-10pcs","status":"publish","type":"product","link":"https:\/\/goldberg.lv\/lv\/shop\/gr-1-094-transparent-contoured-matrices-combined-with-clamp-10pcs\/","title":{"rendered":"GR 1.094 Caursp\u012bd\u012bgas kontur\u0113tas matricas kop\u0101 ar skavu 10 gab."},"content":{"rendered":"","protected":false},"excerpt":{"rendered":"","protected":false},"featured_media":0,"template":"","meta":[],"product_brand":[103],"product_cat":[57],"product_tag":[],"class_list":{"0":"post-3124","1":"product","2":"type-product","3":"status-publish","5":"product_brand-tor","6":"product_cat-tor","8":"first","9":"outofstock","10":"shipping-taxable","11":"purchasable","12":"product-type-simple"},"_links":{"self":[{"href":"https:\/\/goldberg.lv\/lv\/wp-json\/wp\/v2\/product\/3124","targetHints":{"allow":["GET"]}}],"collection":[{"href":"https:\/\/goldberg.lv\/lv\/wp-json\/wp\/v2\/product"}],"about":[{"href":"https:\/\/goldberg.lv\/lv\/wp-json\/wp\/v2\/types\/product"}],"wp:attachment":[{"href":"https:\/\/goldberg.lv\/lv\/wp-json\/wp\/v2\/media?parent=3124"}],"wp:term":[{"taxonomy":"product_brand","embeddable":true,"href":"https:\/\/goldberg.lv\/lv\/wp-json\/wp\/v2\/product_brand?post=3124"},{"taxonomy":"product_cat","embeddable":true,"href":"https:\/\/goldberg.lv\/lv\/wp-json\/wp\/v2\/product_cat?post=3124"},{"taxonomy":"product_tag","embeddable":true,"href":"https:\/\/goldberg.lv\/lv\/wp-json\/wp\/v2\/product_tag?post=3124"}],"curies":[{"name":"wp","href":"https:\/\/api.w.org\/{rel}","templated":true}]}}