{"id":3079,"date":"2025-11-03T15:03:07","date_gmt":"2025-11-03T12:03:07","guid":{"rendered":"https:\/\/goldberg.lv\/shop\/rhapsody-flow-mint-powder-300-g\/"},"modified":"2026-04-15T17:47:29","modified_gmt":"2026-04-15T14:47:29","slug":"rhapsody-flow-mint-powder-300-g","status":"publish","type":"product","link":"https:\/\/goldberg.lv\/lv\/shop\/rhapsody-flow-mint-powder-300-g\/","title":{"rendered":"Rapsodija pl\u016bst Piparm\u0113tru pulveris 300 g"},"content":{"rendered":"<p>Sal\u012bdzinot ar liel\u0101ko da\u013cu tirg\u016b pieejamo zobu zobu pulveru ar gaisa abraz\u012bvu iedarb\u012bbu,<br \/>\nRHAPSODY FLOW pied\u0101v\u0101 saudz\u012bgu, bet efekt\u012bvu risin\u0101jumu zobu emaljas t\u012br\u012b\u0161anai.<br \/>\nun pl\u0101ksnes no\u0146em\u0161ana. T\u0101s smalki samazin\u0101tais da\u013ci\u0146u izm\u0113rs nodro\u0161ina pul\u0113\u0161anas efektu,<br \/>\npadarot to par izcilu produktu.<br \/>\nRHAPSODY FLOW izce\u013cas ar izcilu komfortu un dro\u0161\u012bbu, kas nodro\u0161ina<br \/>\njut\u012bgi mutes dobuma audi. T\u0101p\u0113c t\u0101 ir piem\u0113rota izv\u0113le pat<br \/>\nb\u0113rniem, nodro\u0161inot bezr\u016bp\u012bgu zob\u0101rstniec\u012bbas pieredzi.<br \/>\nTurkl\u0101t RHAPSODY FLOW ir lielisks risin\u0101jums \u0101rst\u0113\u0161anai.<br \/>\nfinieriem, uzlik\u0101m un kro\u0146iem. \u0160\u012bs zobu restaur\u0101cijas bie\u017ei vien satur iev\u0113rojamu<br \/>\nbiofilmas un mikroorganismu daudzumu. Izmantojot RHAPSODY FLOW, j\u016bs varat<br \/>\ndro\u0161i risin\u0101t \u0161\u012bs probl\u0113mas, zinot, ka tas nodro\u0161ina r\u016bp\u012bgu un saudz\u012bgu<br \/>\npat vissmalk\u0101ko zob\u0101rstniec\u012bbas darbu t\u012br\u012b\u0161ana.<br \/>\nIzv\u0113lieties RHAPSODY FLOW zobu pulveri, kas apvieno efektivit\u0101ti,<br \/>\ndro\u0161\u012bbu un daudzpus\u012bbu, nodro\u0161inot izcilus rezult\u0101tus un mier\u012bgu pr\u0101tu abiem<br \/>\n\u0101rstiem un pacientiem.<\/p>","protected":false},"excerpt":{"rendered":"<p>N\u0101trija bikarbon\u0101ta pulveris<br \/>\nprofesion\u0101la mutes dobuma higi\u0113na. Tam ir<br \/>\nmaiga iedarb\u012bba uz m\u012bkstajiem audiem, emalju,<br \/>\nsaknes virsma, tie\u0161a un netie\u0161a<br \/>\nrestaur\u0101cijas, no\u0146emot biofilmu no<br \/>\nto virsmu tikai 5 sekun\u017eu laik\u0101.<\/p>","protected":false},"featured_media":4655,"template":"","meta":[],"product_brand":[97],"product_cat":[54,114],"product_tag":[],"class_list":{"0":"post-3079","1":"product","2":"type-product","3":"status-publish","4":"has-post-thumbnail","6":"product_brand-queen-dental","7":"product_cat-queen-dental","8":"product_cat-hygiene","10":"first","11":"instock","12":"shipping-taxable","13":"purchasable","14":"product-type-simple"},"_links":{"self":[{"href":"https:\/\/goldberg.lv\/lv\/wp-json\/wp\/v2\/product\/3079","targetHints":{"allow":["GET"]}}],"collection":[{"href":"https:\/\/goldberg.lv\/lv\/wp-json\/wp\/v2\/product"}],"about":[{"href":"https:\/\/goldberg.lv\/lv\/wp-json\/wp\/v2\/types\/product"}],"wp:featuredmedia":[{"embeddable":true,"href":"https:\/\/goldberg.lv\/lv\/wp-json\/wp\/v2\/media\/4655"}],"wp:attachment":[{"href":"https:\/\/goldberg.lv\/lv\/wp-json\/wp\/v2\/media?parent=3079"}],"wp:term":[{"taxonomy":"product_brand","embeddable":true,"href":"https:\/\/goldberg.lv\/lv\/wp-json\/wp\/v2\/product_brand?post=3079"},{"taxonomy":"product_cat","embeddable":true,"href":"https:\/\/goldberg.lv\/lv\/wp-json\/wp\/v2\/product_cat?post=3079"},{"taxonomy":"product_tag","embeddable":true,"href":"https:\/\/goldberg.lv\/lv\/wp-json\/wp\/v2\/product_tag?post=3079"}],"curies":[{"name":"wp","href":"https:\/\/api.w.org\/{rel}","templated":true}]}}