{"id":3075,"date":"2025-11-03T15:03:00","date_gmt":"2025-11-03T12:03:00","guid":{"rendered":"https:\/\/goldberg.lv\/shop\/coxo-c-fill-mini-endodontic-obturation-system\/"},"modified":"2026-04-15T17:47:26","modified_gmt":"2026-04-15T14:47:26","slug":"coxo-c-fill-mini-endodontic-obturation-system","status":"publish","type":"product","link":"https:\/\/goldberg.lv\/lv\/shop\/coxo-c-fill-mini-endodontic-obturation-system\/","title":{"rendered":"COXO C Fill mini endodontisk\u0101 obtur\u0101cijas sist\u0113ma"},"content":{"rendered":"<h1><span id=\"product-edit-aceform-elem-0\" class=\"ace-text\">\u00a0C-FILL mini plugger<br \/>\n<\/span><\/h1>\n<ul>\n<li>Perfectly balanced, smaller and lighter,<\/li>\n<li>The time needed to heat the plugger to 200<sup>o<\/sup>C is 5 seconds,<\/li>\n<li>360<sup>o<\/sup>\u00a0swivel tip,<\/li>\n<li>4 temperature settings (150<sup>o<\/sup>C, 180<sup>o<\/sup>C, 200<sup>o<\/sup>C, 230<sup>o<\/sup>C.),<\/li>\n<li>The set includes 5 tips (XF35\/02, F45\/02, FM 50\/04, M55\/06, ML55\/08.),<\/li>\n<li>Battery Li-ion 2000 mAh.<\/li>\n<\/ul>\n<p>&nbsp;<\/p>\n<h1><span id=\"product-edit-aceform-elem-0\" class=\"ace-text\">C-FILL mini gun<\/span><\/h1>\n<ul>\n<li>Perfectly balanced, smaller and lighter,<\/li>\n<li>System for maintaining a constant temperature at rest 150<sup>o<\/sup>C,<\/li>\n<li>4 temperature settings (150<sup>o<\/sup>C, 180<sup>o<\/sup>C, 200<sup>o<\/sup>C, 230<sup>o<\/sup>C.),<\/li>\n<li>Display and buttons on both sides of the device,<\/li>\n<li>Fast warm-up time (from 20<sup>o<\/sup>C to 150<sup>o<\/sup>C only 15 seconds),<\/li>\n<li>The set includes 4 needles (23G &#8211; 2 pcs., 25G &#8211; 2 pcs.),<\/li>\n<li>Battery Li-ion 2200 mAh.<\/li>\n<\/ul>","protected":false},"excerpt":{"rendered":"<p>\u00a0C-FILL mini plugger Perfectly balanced, smaller and lighter, The time needed to heat the plugger to 200oC is 5 seconds,<\/p>","protected":false},"featured_media":6666,"template":"","meta":[],"product_brand":[89],"product_cat":[53,124,125,113,119],"product_tag":[],"class_list":{"0":"post-3075","1":"product","2":"type-product","3":"status-publish","4":"has-post-thumbnail","6":"product_brand-coxo","7":"product_cat-coxo","8":"product_cat-dental-devices","9":"product_cat-dental-equipment","10":"product_cat-endodontics","11":"product_cat-equipment","13":"first","14":"instock","15":"shipping-taxable","16":"purchasable","17":"product-type-simple"},"_links":{"self":[{"href":"https:\/\/goldberg.lv\/lv\/wp-json\/wp\/v2\/product\/3075","targetHints":{"allow":["GET"]}}],"collection":[{"href":"https:\/\/goldberg.lv\/lv\/wp-json\/wp\/v2\/product"}],"about":[{"href":"https:\/\/goldberg.lv\/lv\/wp-json\/wp\/v2\/types\/product"}],"wp:featuredmedia":[{"embeddable":true,"href":"https:\/\/goldberg.lv\/lv\/wp-json\/wp\/v2\/media\/6666"}],"wp:attachment":[{"href":"https:\/\/goldberg.lv\/lv\/wp-json\/wp\/v2\/media?parent=3075"}],"wp:term":[{"taxonomy":"product_brand","embeddable":true,"href":"https:\/\/goldberg.lv\/lv\/wp-json\/wp\/v2\/product_brand?post=3075"},{"taxonomy":"product_cat","embeddable":true,"href":"https:\/\/goldberg.lv\/lv\/wp-json\/wp\/v2\/product_cat?post=3075"},{"taxonomy":"product_tag","embeddable":true,"href":"https:\/\/goldberg.lv\/lv\/wp-json\/wp\/v2\/product_tag?post=3075"}],"curies":[{"name":"wp","href":"https:\/\/api.w.org\/{rel}","templated":true}]}}