{"id":2810,"date":"2025-11-03T14:57:34","date_gmt":"2025-11-03T11:57:34","guid":{"rendered":"https:\/\/goldberg.lv\/shop\/v42-glass-mixing-slab-157-h-05\/"},"modified":"2026-04-15T17:46:15","modified_gmt":"2026-04-15T14:46:15","slug":"v42-glass-mixing-slab-157-h-05","status":"publish","type":"product","link":"https:\/\/goldberg.lv\/lv\/shop\/v42-glass-mixing-slab-157-h-05\/","title":{"rendered":"V42 STIKLA MAIS\u012a\u0160ANAS PL\u0100KSNE 15*7 H.0,5"},"content":{"rendered":"<p>V42<br \/>\nStikla sajauk\u0161anas pl\u0101ksne<br \/>\ncm 12,5\u00d77 h 0,5<\/p>","protected":false},"excerpt":{"rendered":"<p>V42 Glass mixing slab cm 12,5&#215;7 h 0,5<\/p>","protected":false},"featured_media":5298,"template":"","meta":[],"product_brand":[94],"product_cat":[51],"product_tag":[],"class_list":{"0":"post-2810","1":"product","2":"type-product","3":"status-publish","4":"has-post-thumbnail","6":"product_brand-larident","7":"product_cat-larident","9":"first","10":"instock","11":"shipping-taxable","12":"purchasable","13":"product-type-simple"},"_links":{"self":[{"href":"https:\/\/goldberg.lv\/lv\/wp-json\/wp\/v2\/product\/2810","targetHints":{"allow":["GET"]}}],"collection":[{"href":"https:\/\/goldberg.lv\/lv\/wp-json\/wp\/v2\/product"}],"about":[{"href":"https:\/\/goldberg.lv\/lv\/wp-json\/wp\/v2\/types\/product"}],"wp:featuredmedia":[{"embeddable":true,"href":"https:\/\/goldberg.lv\/lv\/wp-json\/wp\/v2\/media\/5298"}],"wp:attachment":[{"href":"https:\/\/goldberg.lv\/lv\/wp-json\/wp\/v2\/media?parent=2810"}],"wp:term":[{"taxonomy":"product_brand","embeddable":true,"href":"https:\/\/goldberg.lv\/lv\/wp-json\/wp\/v2\/product_brand?post=2810"},{"taxonomy":"product_cat","embeddable":true,"href":"https:\/\/goldberg.lv\/lv\/wp-json\/wp\/v2\/product_cat?post=2810"},{"taxonomy":"product_tag","embeddable":true,"href":"https:\/\/goldberg.lv\/lv\/wp-json\/wp\/v2\/product_tag?post=2810"}],"curies":[{"name":"wp","href":"https:\/\/api.w.org\/{rel}","templated":true}]}}