{"id":2809,"date":"2025-11-03T14:57:33","date_gmt":"2025-11-03T11:57:33","guid":{"rendered":"https:\/\/goldberg.lv\/shop\/v41-glass-mixing-slab-157-h-1\/"},"modified":"2026-04-15T17:46:14","modified_gmt":"2026-04-15T14:46:14","slug":"v41-glass-mixing-slab-157-h-1","status":"publish","type":"product","link":"https:\/\/goldberg.lv\/lv\/shop\/v41-glass-mixing-slab-157-h-1\/","title":{"rendered":"V41 STIKLA MAIS\u012a\u0160ANAS PL\u0100KSNE 15*7 H.1"},"content":{"rendered":"<p>V41<br \/>\nStikla mais\u012bjuma pl\u0101ksne, dubult\u0101 biezuma<br \/>\ncm 15\u00d77 h 1<\/p>","protected":false},"excerpt":{"rendered":"<p>V41 Glass mixing slab, double thickness cm 15&#215;7 h 1<\/p>","protected":false},"featured_media":5300,"template":"","meta":[],"product_brand":[94],"product_cat":[51,116,119,114],"product_tag":[],"class_list":{"0":"post-2809","1":"product","2":"type-product","3":"status-publish","4":"has-post-thumbnail","6":"product_brand-larident","7":"product_cat-larident","8":"product_cat-disposable-materials","9":"product_cat-equipment","10":"product_cat-hygiene","12":"first","13":"instock","14":"shipping-taxable","15":"purchasable","16":"product-type-simple"},"_links":{"self":[{"href":"https:\/\/goldberg.lv\/lv\/wp-json\/wp\/v2\/product\/2809","targetHints":{"allow":["GET"]}}],"collection":[{"href":"https:\/\/goldberg.lv\/lv\/wp-json\/wp\/v2\/product"}],"about":[{"href":"https:\/\/goldberg.lv\/lv\/wp-json\/wp\/v2\/types\/product"}],"wp:featuredmedia":[{"embeddable":true,"href":"https:\/\/goldberg.lv\/lv\/wp-json\/wp\/v2\/media\/5300"}],"wp:attachment":[{"href":"https:\/\/goldberg.lv\/lv\/wp-json\/wp\/v2\/media?parent=2809"}],"wp:term":[{"taxonomy":"product_brand","embeddable":true,"href":"https:\/\/goldberg.lv\/lv\/wp-json\/wp\/v2\/product_brand?post=2809"},{"taxonomy":"product_cat","embeddable":true,"href":"https:\/\/goldberg.lv\/lv\/wp-json\/wp\/v2\/product_cat?post=2809"},{"taxonomy":"product_tag","embeddable":true,"href":"https:\/\/goldberg.lv\/lv\/wp-json\/wp\/v2\/product_tag?post=2809"}],"curies":[{"name":"wp","href":"https:\/\/api.w.org\/{rel}","templated":true}]}}