{"id":2801,"date":"2025-11-03T14:57:23","date_gmt":"2025-11-03T11:57:23","guid":{"rendered":"https:\/\/goldberg.lv\/shop\/v1-kappen\/"},"modified":"2026-04-15T17:46:11","modified_gmt":"2026-04-15T14:46:11","slug":"v1-kappen","status":"publish","type":"product","link":"https:\/\/goldberg.lv\/lv\/shop\/v1-kappen\/","title":{"rendered":"V1 KAPPEN"},"content":{"rendered":"<p>Stikla v\u0101ci\u0146\u0161 ar v\u0101ku<\/p>\n<p>Funkcijas<br \/>\ncm \u00f8 3 h 4<br \/>\nStikls<br \/>\n1 gab.<\/p>","protected":false},"excerpt":{"rendered":"<p>Glass kappen with cover Features cm \u00f8 3 h 4 Glass 1 pcs<\/p>","protected":false},"featured_media":5309,"template":"","meta":[],"product_brand":[94],"product_cat":[51,119,114,117,112],"product_tag":[],"class_list":{"0":"post-2801","1":"product","2":"type-product","3":"status-publish","4":"has-post-thumbnail","6":"product_brand-larident","7":"product_cat-larident","8":"product_cat-equipment","9":"product_cat-hygiene","10":"product_cat-instruments","11":"product_cat-surgery","13":"first","14":"instock","15":"shipping-taxable","16":"purchasable","17":"product-type-simple"},"_links":{"self":[{"href":"https:\/\/goldberg.lv\/lv\/wp-json\/wp\/v2\/product\/2801","targetHints":{"allow":["GET"]}}],"collection":[{"href":"https:\/\/goldberg.lv\/lv\/wp-json\/wp\/v2\/product"}],"about":[{"href":"https:\/\/goldberg.lv\/lv\/wp-json\/wp\/v2\/types\/product"}],"wp:featuredmedia":[{"embeddable":true,"href":"https:\/\/goldberg.lv\/lv\/wp-json\/wp\/v2\/media\/5309"}],"wp:attachment":[{"href":"https:\/\/goldberg.lv\/lv\/wp-json\/wp\/v2\/media?parent=2801"}],"wp:term":[{"taxonomy":"product_brand","embeddable":true,"href":"https:\/\/goldberg.lv\/lv\/wp-json\/wp\/v2\/product_brand?post=2801"},{"taxonomy":"product_cat","embeddable":true,"href":"https:\/\/goldberg.lv\/lv\/wp-json\/wp\/v2\/product_cat?post=2801"},{"taxonomy":"product_tag","embeddable":true,"href":"https:\/\/goldberg.lv\/lv\/wp-json\/wp\/v2\/product_tag?post=2801"}],"curies":[{"name":"wp","href":"https:\/\/api.w.org\/{rel}","templated":true}]}}