{"id":2798,"date":"2025-11-03T14:57:20","date_gmt":"2025-11-03T11:57:20","guid":{"rendered":"https:\/\/goldberg.lv\/shop\/t40-handles-for-mouth-mirrors\/"},"modified":"2026-04-15T16:14:33","modified_gmt":"2026-04-15T13:14:33","slug":"t40-handles-for-mouth-mirrors","status":"publish","type":"product","link":"https:\/\/goldberg.lv\/lv\/shop\/t40-handles-for-mouth-mirrors\/","title":{"rendered":"T40 HANDLES FOR MOUTH MIRRORS"},"content":{"rendered":"<p>Asto\u0146st\u016bra vai apa\u013c\u0161 rokturis mutes spogu\u013ciem.<\/p>\n<p>Funkcijas<br \/>\ncm 12,3<br \/>\nT\u0113rauds<br \/>\n1 gab.<\/p>","protected":false},"excerpt":{"rendered":"<p>Octagonal or round handle for mouth mirrors. Features cm 12,3 Steel 1 pcs<\/p>","protected":false},"featured_media":5313,"template":"","meta":[],"product_brand":[94],"product_cat":[51,120,116,113,117],"product_tag":[],"class_list":{"0":"post-2798","1":"product","2":"type-product","3":"status-publish","4":"has-post-thumbnail","6":"product_brand-larident","7":"product_cat-larident","8":"product_cat-disinfection-sterilization","9":"product_cat-disposable-materials","10":"product_cat-endodontics","11":"product_cat-instruments","13":"first","14":"instock","15":"shipping-taxable","16":"purchasable","17":"product-type-simple"},"_links":{"self":[{"href":"https:\/\/goldberg.lv\/lv\/wp-json\/wp\/v2\/product\/2798","targetHints":{"allow":["GET"]}}],"collection":[{"href":"https:\/\/goldberg.lv\/lv\/wp-json\/wp\/v2\/product"}],"about":[{"href":"https:\/\/goldberg.lv\/lv\/wp-json\/wp\/v2\/types\/product"}],"wp:featuredmedia":[{"embeddable":true,"href":"https:\/\/goldberg.lv\/lv\/wp-json\/wp\/v2\/media\/5313"}],"wp:attachment":[{"href":"https:\/\/goldberg.lv\/lv\/wp-json\/wp\/v2\/media?parent=2798"}],"wp:term":[{"taxonomy":"product_brand","embeddable":true,"href":"https:\/\/goldberg.lv\/lv\/wp-json\/wp\/v2\/product_brand?post=2798"},{"taxonomy":"product_cat","embeddable":true,"href":"https:\/\/goldberg.lv\/lv\/wp-json\/wp\/v2\/product_cat?post=2798"},{"taxonomy":"product_tag","embeddable":true,"href":"https:\/\/goldberg.lv\/lv\/wp-json\/wp\/v2\/product_tag?post=2798"}],"curies":[{"name":"wp","href":"https:\/\/api.w.org\/{rel}","templated":true}]}}