{"id":2796,"date":"2025-11-03T14:57:17","date_gmt":"2025-11-03T11:57:17","guid":{"rendered":"https:\/\/goldberg.lv\/shop\/s14-stainless-container-small\/"},"modified":"2026-04-15T16:14:32","modified_gmt":"2026-04-15T13:14:32","slug":"s14-stainless-container-small","status":"publish","type":"product","link":"https:\/\/goldberg.lv\/lv\/shop\/s14-stainless-container-small\/","title":{"rendered":"S14 STAINLESS CONTAINER SMALL"},"content":{"rendered":"<p>Liels ner\u016bs\u0113jo\u0161\u0101 t\u0113rauda konteiners \/ papl\u0101te<\/p>\n<p>Funkcijas<br \/>\ncm 20\u00d715<br \/>\nNer\u016bs\u0113jo\u0161ais t\u0113rauds<br \/>\n1 gab.<\/p>","protected":false},"excerpt":{"rendered":"<p>Large stainless steel container\/tray Features cm 20\u00d715 Stainless steel 1 pcs<\/p>","protected":false},"featured_media":5317,"template":"","meta":[],"product_brand":[94],"product_cat":[51,116,119,114,117],"product_tag":[],"class_list":{"0":"post-2796","1":"product","2":"type-product","3":"status-publish","4":"has-post-thumbnail","6":"product_brand-larident","7":"product_cat-larident","8":"product_cat-disposable-materials","9":"product_cat-equipment","10":"product_cat-hygiene","11":"product_cat-instruments","13":"first","14":"instock","15":"shipping-taxable","16":"purchasable","17":"product-type-simple"},"_links":{"self":[{"href":"https:\/\/goldberg.lv\/lv\/wp-json\/wp\/v2\/product\/2796","targetHints":{"allow":["GET"]}}],"collection":[{"href":"https:\/\/goldberg.lv\/lv\/wp-json\/wp\/v2\/product"}],"about":[{"href":"https:\/\/goldberg.lv\/lv\/wp-json\/wp\/v2\/types\/product"}],"wp:featuredmedia":[{"embeddable":true,"href":"https:\/\/goldberg.lv\/lv\/wp-json\/wp\/v2\/media\/5317"}],"wp:attachment":[{"href":"https:\/\/goldberg.lv\/lv\/wp-json\/wp\/v2\/media?parent=2796"}],"wp:term":[{"taxonomy":"product_brand","embeddable":true,"href":"https:\/\/goldberg.lv\/lv\/wp-json\/wp\/v2\/product_brand?post=2796"},{"taxonomy":"product_cat","embeddable":true,"href":"https:\/\/goldberg.lv\/lv\/wp-json\/wp\/v2\/product_cat?post=2796"},{"taxonomy":"product_tag","embeddable":true,"href":"https:\/\/goldberg.lv\/lv\/wp-json\/wp\/v2\/product_tag?post=2796"}],"curies":[{"name":"wp","href":"https:\/\/api.w.org\/{rel}","templated":true}]}}