{"id":2789,"date":"2025-11-03T14:57:09","date_gmt":"2025-11-03T11:57:09","guid":{"rendered":"https:\/\/goldberg.lv\/shop\/r60-protect-visor-set6-thin-shield-antifogframe\/"},"modified":"2026-04-15T17:46:09","modified_gmt":"2026-04-15T14:46:09","slug":"r60-protect-visor-set6-thin-shield-antifogframe","status":"publish","type":"product","link":"https:\/\/goldberg.lv\/lv\/shop\/r60-protect-visor-set6-thin-shield-antifogframe\/","title":{"rendered":"R60 PROTECT.VISOR SET6 THIN SHIELD ANTIFOG+FRAME"},"content":{"rendered":"<p>Akrila vizieris ar autokl\u0101v\u0113jamu 121\u00b0 integr\u0113tu klipa r\u0101mi, ar antistatisku, pret skr\u0101p\u0113jumiem un miglu aizsarg\u0101jo\u0161u aizsegu, biezums mm 0,175. Iepakojum\u0101 1 r\u0101mis un 6 aizsargi.<\/p>\n<p>K\u0101p\u0113c ieteikts:<\/p>\n<p>L\u0113ti<br \/>\nPret miglas veido\u0161anos vien\u0101 pus\u0113<br \/>\nFunkcijas<br \/>\nbiezums mm 0,175<br \/>\nPET<br \/>\nIepakojum\u0101 1 r\u0101mis + 6 acu aizsargi gab.<\/p>","protected":false},"excerpt":{"rendered":"<p>Acrylic visor with autoclavable 121\u00b0 integrated clip frame, with antistatic, scratchproof and antifog shields, thickness mm 0,175. Packaging 1 frame<\/p>","protected":false},"featured_media":5322,"template":"","meta":[],"product_brand":[94],"product_cat":[51],"product_tag":[],"class_list":{"0":"post-2789","1":"product","2":"type-product","3":"status-publish","4":"has-post-thumbnail","6":"product_brand-larident","7":"product_cat-larident","9":"first","10":"outofstock","11":"shipping-taxable","12":"purchasable","13":"product-type-simple"},"_links":{"self":[{"href":"https:\/\/goldberg.lv\/lv\/wp-json\/wp\/v2\/product\/2789","targetHints":{"allow":["GET"]}}],"collection":[{"href":"https:\/\/goldberg.lv\/lv\/wp-json\/wp\/v2\/product"}],"about":[{"href":"https:\/\/goldberg.lv\/lv\/wp-json\/wp\/v2\/types\/product"}],"wp:featuredmedia":[{"embeddable":true,"href":"https:\/\/goldberg.lv\/lv\/wp-json\/wp\/v2\/media\/5322"}],"wp:attachment":[{"href":"https:\/\/goldberg.lv\/lv\/wp-json\/wp\/v2\/media?parent=2789"}],"wp:term":[{"taxonomy":"product_brand","embeddable":true,"href":"https:\/\/goldberg.lv\/lv\/wp-json\/wp\/v2\/product_brand?post=2789"},{"taxonomy":"product_cat","embeddable":true,"href":"https:\/\/goldberg.lv\/lv\/wp-json\/wp\/v2\/product_cat?post=2789"},{"taxonomy":"product_tag","embeddable":true,"href":"https:\/\/goldberg.lv\/lv\/wp-json\/wp\/v2\/product_tag?post=2789"}],"curies":[{"name":"wp","href":"https:\/\/api.w.org\/{rel}","templated":true}]}}