{"id":2786,"date":"2025-11-03T14:57:06","date_gmt":"2025-11-03T11:57:06","guid":{"rendered":"https:\/\/goldberg.lv\/shop\/r4-disposable-protector-visorwith-sponge-package-pcs-12\/"},"modified":"2026-04-15T16:14:28","modified_gmt":"2026-04-15T13:14:28","slug":"r4-disposable-protector-visorwith-sponge-package-pcs-12","status":"publish","type":"product","link":"https:\/\/goldberg.lv\/lv\/shop\/r4-disposable-protector-visorwith-sponge-package-pcs-12\/","title":{"rendered":"R4 Vienreizlietojamie aizsargi vizieris, ar s\u016bkli iepakojum\u0101 gab.12"},"content":{"rendered":"<p>Vienreiz\u0113j\u0101s lieto\u0161anas aizsargcepure ar s\u016bkli un elast\u012bgo gumiju - 12 gab. iepakojum\u0101, mar\u0137\u0113jums L13S CER4.<\/p>\n<p>K\u0101p\u0113c ieteikts:<\/p>\n<p>L\u0113ti<br \/>\nGatavs lieto\u0161anai<br \/>\nFunkcijas<br \/>\nbiezums mm 0,300<br \/>\nPET<br \/>\n12 gab.<\/p>","protected":false},"excerpt":{"rendered":"<p>Disposable protective visor with sponge and elastic \u2013 pack of 12 pcs, marked L13S CER4. Why suggested: Cheap Ready to<\/p>","protected":false},"featured_media":5327,"template":"","meta":[],"product_brand":[94],"product_cat":[51,119,114,117,111],"product_tag":[],"class_list":{"0":"post-2786","1":"product","2":"type-product","3":"status-publish","4":"has-post-thumbnail","6":"product_brand-larident","7":"product_cat-larident","8":"product_cat-equipment","9":"product_cat-hygiene","10":"product_cat-instruments","11":"product_cat-therapy","13":"first","14":"instock","15":"shipping-taxable","16":"purchasable","17":"product-type-simple"},"_links":{"self":[{"href":"https:\/\/goldberg.lv\/lv\/wp-json\/wp\/v2\/product\/2786","targetHints":{"allow":["GET"]}}],"collection":[{"href":"https:\/\/goldberg.lv\/lv\/wp-json\/wp\/v2\/product"}],"about":[{"href":"https:\/\/goldberg.lv\/lv\/wp-json\/wp\/v2\/types\/product"}],"wp:featuredmedia":[{"embeddable":true,"href":"https:\/\/goldberg.lv\/lv\/wp-json\/wp\/v2\/media\/5327"}],"wp:attachment":[{"href":"https:\/\/goldberg.lv\/lv\/wp-json\/wp\/v2\/media?parent=2786"}],"wp:term":[{"taxonomy":"product_brand","embeddable":true,"href":"https:\/\/goldberg.lv\/lv\/wp-json\/wp\/v2\/product_brand?post=2786"},{"taxonomy":"product_cat","embeddable":true,"href":"https:\/\/goldberg.lv\/lv\/wp-json\/wp\/v2\/product_cat?post=2786"},{"taxonomy":"product_tag","embeddable":true,"href":"https:\/\/goldberg.lv\/lv\/wp-json\/wp\/v2\/product_tag?post=2786"}],"curies":[{"name":"wp","href":"https:\/\/api.w.org\/{rel}","templated":true}]}}