{"id":2784,"date":"2025-11-03T14:57:03","date_gmt":"2025-11-03T11:57:03","guid":{"rendered":"https:\/\/goldberg.lv\/shop\/r16-dappen-pots-stery-4-cavities-5-pcs-with-1-cover\/"},"modified":"2026-04-15T17:46:07","modified_gmt":"2026-04-15T14:46:07","slug":"r16-dappen-pots-stery-4-cavities-5-pcs-with-1-cover","status":"publish","type":"product","link":"https:\/\/goldberg.lv\/lv\/shop\/r16-dappen-pots-stery-4-cavities-5-pcs-with-1-cover\/","title":{"rendered":"R16 DAPPEN POTS STERY 4 CAVITIES 5 PCS WITH 1 COVER"},"content":{"rendered":"<p>Dappen podi steriliz\u0113jami 4 dobumi ar oran\u017eas kr\u0101sas v\u0101ku UV aizsardz\u012bbai. Iepakojum\u0101 5 pamatnes un 1 oran\u017es v\u0101ks<\/p>\n<p>Funkcijas<br \/>\npamatne cm 5\u00d75, dappe\u0146u podi cm \u00f8 1,9<br \/>\nPoliam\u012bds<br \/>\nKomplekts gab.<\/p>","protected":false},"excerpt":{"rendered":"<p>Dappen pots sterilizable 4 cavities with orange color cover for UV protection. Package 5 bases and 1 orange cover Features<\/p>","protected":false},"featured_media":5330,"template":"","meta":[],"product_brand":[94],"product_cat":[51,119,114,117,112],"product_tag":[],"class_list":{"0":"post-2784","1":"product","2":"type-product","3":"status-publish","4":"has-post-thumbnail","6":"product_brand-larident","7":"product_cat-larident","8":"product_cat-equipment","9":"product_cat-hygiene","10":"product_cat-instruments","11":"product_cat-surgery","13":"first","14":"outofstock","15":"shipping-taxable","16":"purchasable","17":"product-type-simple"},"_links":{"self":[{"href":"https:\/\/goldberg.lv\/lv\/wp-json\/wp\/v2\/product\/2784","targetHints":{"allow":["GET"]}}],"collection":[{"href":"https:\/\/goldberg.lv\/lv\/wp-json\/wp\/v2\/product"}],"about":[{"href":"https:\/\/goldberg.lv\/lv\/wp-json\/wp\/v2\/types\/product"}],"wp:featuredmedia":[{"embeddable":true,"href":"https:\/\/goldberg.lv\/lv\/wp-json\/wp\/v2\/media\/5330"}],"wp:attachment":[{"href":"https:\/\/goldberg.lv\/lv\/wp-json\/wp\/v2\/media?parent=2784"}],"wp:term":[{"taxonomy":"product_brand","embeddable":true,"href":"https:\/\/goldberg.lv\/lv\/wp-json\/wp\/v2\/product_brand?post=2784"},{"taxonomy":"product_cat","embeddable":true,"href":"https:\/\/goldberg.lv\/lv\/wp-json\/wp\/v2\/product_cat?post=2784"},{"taxonomy":"product_tag","embeddable":true,"href":"https:\/\/goldberg.lv\/lv\/wp-json\/wp\/v2\/product_tag?post=2784"}],"curies":[{"name":"wp","href":"https:\/\/api.w.org\/{rel}","templated":true}]}}