{"id":2782,"date":"2025-11-03T14:57:00","date_gmt":"2025-11-03T11:57:00","guid":{"rendered":"https:\/\/goldberg.lv\/shop\/q73-inox-towel-dispenser\/"},"modified":"2026-04-15T16:14:26","modified_gmt":"2026-04-15T13:14:26","slug":"q73-inox-towel-dispenser","status":"publish","type":"product","link":"https:\/\/goldberg.lv\/lv\/shop\/q73-inox-towel-dispenser\/","title":{"rendered":"Q73 INOX TOWEL DISPENSER"},"content":{"rendered":"<p>Ner\u016bs\u0113jo\u0161\u0101 t\u0113rauda pap\u012bra dvie\u013cu dozators<\/p>\n<p>Funkcijas<br \/>\ncm 17,5\u00d711,8 h 18,5<br \/>\nNer\u016bs\u0113jo\u0161ais t\u0113rauds<br \/>\n1 gab.<\/p>","protected":false},"excerpt":{"rendered":"<p>Stainless steel paper towel dispenser Features cm 17,5\u00d711,8 h 18,5 Stainless steel 1 pcs<\/p>","protected":false},"featured_media":5333,"template":"","meta":[],"product_brand":[94],"product_cat":[51,119,114],"product_tag":[],"class_list":{"0":"post-2782","1":"product","2":"type-product","3":"status-publish","4":"has-post-thumbnail","6":"product_brand-larident","7":"product_cat-larident","8":"product_cat-equipment","9":"product_cat-hygiene","11":"first","12":"instock","13":"shipping-taxable","14":"purchasable","15":"product-type-simple"},"_links":{"self":[{"href":"https:\/\/goldberg.lv\/lv\/wp-json\/wp\/v2\/product\/2782","targetHints":{"allow":["GET"]}}],"collection":[{"href":"https:\/\/goldberg.lv\/lv\/wp-json\/wp\/v2\/product"}],"about":[{"href":"https:\/\/goldberg.lv\/lv\/wp-json\/wp\/v2\/types\/product"}],"wp:featuredmedia":[{"embeddable":true,"href":"https:\/\/goldberg.lv\/lv\/wp-json\/wp\/v2\/media\/5333"}],"wp:attachment":[{"href":"https:\/\/goldberg.lv\/lv\/wp-json\/wp\/v2\/media?parent=2782"}],"wp:term":[{"taxonomy":"product_brand","embeddable":true,"href":"https:\/\/goldberg.lv\/lv\/wp-json\/wp\/v2\/product_brand?post=2782"},{"taxonomy":"product_cat","embeddable":true,"href":"https:\/\/goldberg.lv\/lv\/wp-json\/wp\/v2\/product_cat?post=2782"},{"taxonomy":"product_tag","embeddable":true,"href":"https:\/\/goldberg.lv\/lv\/wp-json\/wp\/v2\/product_tag?post=2782"}],"curies":[{"name":"wp","href":"https:\/\/api.w.org\/{rel}","templated":true}]}}