{"id":2781,"date":"2025-11-03T14:56:59","date_gmt":"2025-11-03T11:56:59","guid":{"rendered":"https:\/\/goldberg.lv\/shop\/q7-medium-endo-box-with-3-mi\/"},"modified":"2026-04-15T17:46:06","modified_gmt":"2026-04-15T14:46:06","slug":"q7-medium-endo-box-with-3-mi","status":"publish","type":"product","link":"https:\/\/goldberg.lv\/lv\/shop\/q7-medium-endo-box-with-3-mi\/","title":{"rendered":"Q7 MEDIUM ENDO BOX WITH 3 MI"},"content":{"rendered":"<p>Vid\u0113ja izm\u0113ra endobokss, kas sast\u0101v no 3 mini kast\u012bt\u0113m ar 72 caurumiem<\/p>\n<p>Funkcijas<br \/>\ncm 12,5\u00d710,5 h 7<br \/>\nAnod\u0113ts alum\u012bnijs<br \/>\n1 gab.<\/p>","protected":false},"excerpt":{"rendered":"<p>Medium endobox composed of 3 mini boxes 72 holes Features cm 12,5&#215;10,5 h 7 Anodized aluminium 1 pcs<\/p>","protected":false},"featured_media":5334,"template":"","meta":[],"product_brand":[94],"product_cat":[51],"product_tag":[],"class_list":{"0":"post-2781","1":"product","2":"type-product","3":"status-publish","4":"has-post-thumbnail","6":"product_brand-larident","7":"product_cat-larident","9":"first","10":"outofstock","11":"shipping-taxable","12":"purchasable","13":"product-type-simple"},"_links":{"self":[{"href":"https:\/\/goldberg.lv\/lv\/wp-json\/wp\/v2\/product\/2781","targetHints":{"allow":["GET"]}}],"collection":[{"href":"https:\/\/goldberg.lv\/lv\/wp-json\/wp\/v2\/product"}],"about":[{"href":"https:\/\/goldberg.lv\/lv\/wp-json\/wp\/v2\/types\/product"}],"wp:featuredmedia":[{"embeddable":true,"href":"https:\/\/goldberg.lv\/lv\/wp-json\/wp\/v2\/media\/5334"}],"wp:attachment":[{"href":"https:\/\/goldberg.lv\/lv\/wp-json\/wp\/v2\/media?parent=2781"}],"wp:term":[{"taxonomy":"product_brand","embeddable":true,"href":"https:\/\/goldberg.lv\/lv\/wp-json\/wp\/v2\/product_brand?post=2781"},{"taxonomy":"product_cat","embeddable":true,"href":"https:\/\/goldberg.lv\/lv\/wp-json\/wp\/v2\/product_cat?post=2781"},{"taxonomy":"product_tag","embeddable":true,"href":"https:\/\/goldberg.lv\/lv\/wp-json\/wp\/v2\/product_tag?post=2781"}],"curies":[{"name":"wp","href":"https:\/\/api.w.org\/{rel}","templated":true}]}}