{"id":2775,"date":"2025-11-03T14:56:52","date_gmt":"2025-11-03T11:56:52","guid":{"rendered":"https:\/\/goldberg.lv\/shop\/q34-perforated-alluminium-tray\/"},"modified":"2026-04-15T17:46:01","modified_gmt":"2026-04-15T14:46:01","slug":"q34-perforated-alluminium-tray","status":"publish","type":"product","link":"https:\/\/goldberg.lv\/lv\/shop\/q34-perforated-alluminium-tray\/","title":{"rendered":"Q34 PERFORATED ALLUMINIUM TRAY"},"content":{"rendered":"<p>Perfor\u0113ta alum\u012bnija papl\u0101te 18 cm<\/p>\n<p>Funkcijas<br \/>\ncm 18\u00d714 h 1,5<br \/>\nAlum\u012bnija<br \/>\n1 gab.<\/p>","protected":false},"excerpt":{"rendered":"<p>Perforated alluminium tray 18 cm Features cm 18\u00d714 h 1,5 Alluminium 1 pcs<\/p>","protected":false},"featured_media":5372,"template":"","meta":[],"product_brand":[94],"product_cat":[51,120,116,113,117],"product_tag":[],"class_list":{"0":"post-2775","1":"product","2":"type-product","3":"status-publish","4":"has-post-thumbnail","6":"product_brand-larident","7":"product_cat-larident","8":"product_cat-disinfection-sterilization","9":"product_cat-disposable-materials","10":"product_cat-endodontics","11":"product_cat-instruments","13":"first","14":"outofstock","15":"shipping-taxable","16":"purchasable","17":"product-type-simple"},"_links":{"self":[{"href":"https:\/\/goldberg.lv\/lv\/wp-json\/wp\/v2\/product\/2775","targetHints":{"allow":["GET"]}}],"collection":[{"href":"https:\/\/goldberg.lv\/lv\/wp-json\/wp\/v2\/product"}],"about":[{"href":"https:\/\/goldberg.lv\/lv\/wp-json\/wp\/v2\/types\/product"}],"wp:featuredmedia":[{"embeddable":true,"href":"https:\/\/goldberg.lv\/lv\/wp-json\/wp\/v2\/media\/5372"}],"wp:attachment":[{"href":"https:\/\/goldberg.lv\/lv\/wp-json\/wp\/v2\/media?parent=2775"}],"wp:term":[{"taxonomy":"product_brand","embeddable":true,"href":"https:\/\/goldberg.lv\/lv\/wp-json\/wp\/v2\/product_brand?post=2775"},{"taxonomy":"product_cat","embeddable":true,"href":"https:\/\/goldberg.lv\/lv\/wp-json\/wp\/v2\/product_cat?post=2775"},{"taxonomy":"product_tag","embeddable":true,"href":"https:\/\/goldberg.lv\/lv\/wp-json\/wp\/v2\/product_tag?post=2775"}],"curies":[{"name":"wp","href":"https:\/\/api.w.org\/{rel}","templated":true}]}}