{"id":2774,"date":"2025-11-03T14:56:50","date_gmt":"2025-11-03T11:56:50","guid":{"rendered":"https:\/\/goldberg.lv\/shop\/q32-1-cover-for-q32\/"},"modified":"2026-04-15T17:46:01","modified_gmt":"2026-04-15T14:46:01","slug":"q32-1-cover-for-q32","status":"publish","type":"product","link":"https:\/\/goldberg.lv\/lv\/shop\/q32-1-cover-for-q32\/","title":{"rendered":"Q32.1 COVER FOR Q32"},"content":{"rendered":"<p>Perfor\u0113ts v\u0101ks Q32, tikai sudraba kr\u0101s\u0101<\/p>\n<p>Funkcijas<br \/>\ncm 28,4\u00d718,3 h 1,7<br \/>\nAlum\u012bnija<br \/>\n1 gab.<\/p>","protected":false},"excerpt":{"rendered":"<p>Perforated cover for Q32, only silver color Features cm 28,4\u00d718,3 h 1,7 Alluminium 1 pcs<\/p>","protected":false},"featured_media":5377,"template":"","meta":[],"product_brand":[94],"product_cat":[51,118,120,116,113,114,117],"product_tag":[],"class_list":{"0":"post-2774","1":"product","2":"type-product","3":"status-publish","4":"has-post-thumbnail","6":"product_brand-larident","7":"product_cat-larident","8":"product_cat-burs","9":"product_cat-disinfection-sterilization","10":"product_cat-disposable-materials","11":"product_cat-endodontics","12":"product_cat-hygiene","13":"product_cat-instruments","15":"first","16":"instock","17":"shipping-taxable","18":"purchasable","19":"product-type-simple"},"_links":{"self":[{"href":"https:\/\/goldberg.lv\/lv\/wp-json\/wp\/v2\/product\/2774","targetHints":{"allow":["GET"]}}],"collection":[{"href":"https:\/\/goldberg.lv\/lv\/wp-json\/wp\/v2\/product"}],"about":[{"href":"https:\/\/goldberg.lv\/lv\/wp-json\/wp\/v2\/types\/product"}],"wp:featuredmedia":[{"embeddable":true,"href":"https:\/\/goldberg.lv\/lv\/wp-json\/wp\/v2\/media\/5377"}],"wp:attachment":[{"href":"https:\/\/goldberg.lv\/lv\/wp-json\/wp\/v2\/media?parent=2774"}],"wp:term":[{"taxonomy":"product_brand","embeddable":true,"href":"https:\/\/goldberg.lv\/lv\/wp-json\/wp\/v2\/product_brand?post=2774"},{"taxonomy":"product_cat","embeddable":true,"href":"https:\/\/goldberg.lv\/lv\/wp-json\/wp\/v2\/product_cat?post=2774"},{"taxonomy":"product_tag","embeddable":true,"href":"https:\/\/goldberg.lv\/lv\/wp-json\/wp\/v2\/product_tag?post=2774"}],"curies":[{"name":"wp","href":"https:\/\/api.w.org\/{rel}","templated":true}]}}