{"id":2772,"date":"2025-11-03T14:56:48","date_gmt":"2025-11-03T11:56:48","guid":{"rendered":"https:\/\/goldberg.lv\/shop\/q3-maxi-endo-box-composed\/"},"modified":"2026-04-15T17:46:00","modified_gmt":"2026-04-15T14:46:00","slug":"q3-maxi-endo-box-composed","status":"publish","type":"product","link":"https:\/\/goldberg.lv\/lv\/shop\/q3-maxi-endo-box-composed\/","title":{"rendered":"Q3 MAXI ENDO KASTE, KAS SAST\u0100V NO"},"content":{"rendered":"<p>Maxi endobox, kas sast\u0101v no 5 mini kast\u012bt\u0113m ar 72 caurumiem<\/p>\n<p>Funkcijas<br \/>\ncm 20,5\u00d710,5 h 7<br \/>\nAnod\u0113ts alum\u012bnijs<br \/>\n1 gab.<\/p>","protected":false},"excerpt":{"rendered":"<p>Maxi endobox composed of 5 mini boxes 72 holes Features cm 20,5\u00d710,5 h 7 Anodized aluminium 1 pcs<\/p>","protected":false},"featured_media":5380,"template":"","meta":[],"product_brand":[94],"product_cat":[51,120,116,113,119,117],"product_tag":[],"class_list":{"0":"post-2772","1":"product","2":"type-product","3":"status-publish","4":"has-post-thumbnail","6":"product_brand-larident","7":"product_cat-larident","8":"product_cat-disinfection-sterilization","9":"product_cat-disposable-materials","10":"product_cat-endodontics","11":"product_cat-equipment","12":"product_cat-instruments","14":"first","15":"outofstock","16":"shipping-taxable","17":"purchasable","18":"product-type-simple"},"_links":{"self":[{"href":"https:\/\/goldberg.lv\/lv\/wp-json\/wp\/v2\/product\/2772","targetHints":{"allow":["GET"]}}],"collection":[{"href":"https:\/\/goldberg.lv\/lv\/wp-json\/wp\/v2\/product"}],"about":[{"href":"https:\/\/goldberg.lv\/lv\/wp-json\/wp\/v2\/types\/product"}],"wp:featuredmedia":[{"embeddable":true,"href":"https:\/\/goldberg.lv\/lv\/wp-json\/wp\/v2\/media\/5380"}],"wp:attachment":[{"href":"https:\/\/goldberg.lv\/lv\/wp-json\/wp\/v2\/media?parent=2772"}],"wp:term":[{"taxonomy":"product_brand","embeddable":true,"href":"https:\/\/goldberg.lv\/lv\/wp-json\/wp\/v2\/product_brand?post=2772"},{"taxonomy":"product_cat","embeddable":true,"href":"https:\/\/goldberg.lv\/lv\/wp-json\/wp\/v2\/product_cat?post=2772"},{"taxonomy":"product_tag","embeddable":true,"href":"https:\/\/goldberg.lv\/lv\/wp-json\/wp\/v2\/product_tag?post=2772"}],"curies":[{"name":"wp","href":"https:\/\/api.w.org\/{rel}","templated":true}]}}