{"id":2763,"date":"2025-11-03T14:56:38","date_gmt":"2025-11-03T11:56:38","guid":{"rendered":"https:\/\/goldberg.lv\/shop\/pv2-enlarging-optical-system\/"},"modified":"2026-04-15T16:14:18","modified_gmt":"2026-04-15T13:14:18","slug":"pv2-enlarging-optical-system","status":"publish","type":"product","link":"https:\/\/goldberg.lv\/lv\/shop\/pv2-enlarging-optical-system\/","title":{"rendered":"PV2 ENLARGING OPTICAL SYSTEM"},"content":{"rendered":"<p>PV2<br \/>\nIepakojum\u0101 ir 1 r\u0101mis + 1 objekt\u012bvs (pa vienam 2x, 2,5x, 3x)<\/p>","protected":false},"excerpt":{"rendered":"<p>PV2 Packaging contains 1 frame + 1 lens (one for each 2x, 2.5x,3x)<\/p>","protected":false},"featured_media":5343,"template":"","meta":[],"product_brand":[94],"product_cat":[51],"product_tag":[],"class_list":{"0":"post-2763","1":"product","2":"type-product","3":"status-publish","4":"has-post-thumbnail","6":"product_brand-larident","7":"product_cat-larident","9":"first","10":"instock","11":"shipping-taxable","12":"purchasable","13":"product-type-simple"},"_links":{"self":[{"href":"https:\/\/goldberg.lv\/lv\/wp-json\/wp\/v2\/product\/2763","targetHints":{"allow":["GET"]}}],"collection":[{"href":"https:\/\/goldberg.lv\/lv\/wp-json\/wp\/v2\/product"}],"about":[{"href":"https:\/\/goldberg.lv\/lv\/wp-json\/wp\/v2\/types\/product"}],"wp:featuredmedia":[{"embeddable":true,"href":"https:\/\/goldberg.lv\/lv\/wp-json\/wp\/v2\/media\/5343"}],"wp:attachment":[{"href":"https:\/\/goldberg.lv\/lv\/wp-json\/wp\/v2\/media?parent=2763"}],"wp:term":[{"taxonomy":"product_brand","embeddable":true,"href":"https:\/\/goldberg.lv\/lv\/wp-json\/wp\/v2\/product_brand?post=2763"},{"taxonomy":"product_cat","embeddable":true,"href":"https:\/\/goldberg.lv\/lv\/wp-json\/wp\/v2\/product_cat?post=2763"},{"taxonomy":"product_tag","embeddable":true,"href":"https:\/\/goldberg.lv\/lv\/wp-json\/wp\/v2\/product_tag?post=2763"}],"curies":[{"name":"wp","href":"https:\/\/api.w.org\/{rel}","templated":true}]}}