{"id":2760,"date":"2025-11-03T14:56:34","date_gmt":"2025-11-03T11:56:34","guid":{"rendered":"https:\/\/goldberg.lv\/shop\/n50-inox-steel-burs-stand\/"},"modified":"2026-04-15T16:14:16","modified_gmt":"2026-04-15T13:14:16","slug":"n50-inox-steel-burs-stand","status":"publish","type":"product","link":"https:\/\/goldberg.lv\/lv\/shop\/n50-inox-steel-burs-stand\/","title":{"rendered":"N50 INOX STEEL BURS STAND"},"content":{"rendered":"<p>Ner\u016bs\u0113jo\u0161\u0101 t\u0113rauda magn\u0113tiskais stat\u012bvs, zils<\/p>\n<p>Funkcijas<br \/>\ncm 20\u00d75,5 h 6,2<br \/>\nNer\u016bs\u0113jo\u0161ais t\u0113rauds<br \/>\n1 gab.<\/p>","protected":false},"excerpt":{"rendered":"<p>Stainless steel magnetic bur stand, blue Features cm 20&#215;5,5 h 6,2 Stainless steel 1 pcs<\/p>","protected":false},"featured_media":5407,"template":"","meta":[],"product_brand":[94],"product_cat":[51,118,120,113,119,117],"product_tag":[],"class_list":{"0":"post-2760","1":"product","2":"type-product","3":"status-publish","4":"has-post-thumbnail","6":"product_brand-larident","7":"product_cat-larident","8":"product_cat-burs","9":"product_cat-disinfection-sterilization","10":"product_cat-endodontics","11":"product_cat-equipment","12":"product_cat-instruments","14":"first","15":"instock","16":"shipping-taxable","17":"purchasable","18":"product-type-simple"},"_links":{"self":[{"href":"https:\/\/goldberg.lv\/lv\/wp-json\/wp\/v2\/product\/2760","targetHints":{"allow":["GET"]}}],"collection":[{"href":"https:\/\/goldberg.lv\/lv\/wp-json\/wp\/v2\/product"}],"about":[{"href":"https:\/\/goldberg.lv\/lv\/wp-json\/wp\/v2\/types\/product"}],"wp:featuredmedia":[{"embeddable":true,"href":"https:\/\/goldberg.lv\/lv\/wp-json\/wp\/v2\/media\/5407"}],"wp:attachment":[{"href":"https:\/\/goldberg.lv\/lv\/wp-json\/wp\/v2\/media?parent=2760"}],"wp:term":[{"taxonomy":"product_brand","embeddable":true,"href":"https:\/\/goldberg.lv\/lv\/wp-json\/wp\/v2\/product_brand?post=2760"},{"taxonomy":"product_cat","embeddable":true,"href":"https:\/\/goldberg.lv\/lv\/wp-json\/wp\/v2\/product_cat?post=2760"},{"taxonomy":"product_tag","embeddable":true,"href":"https:\/\/goldberg.lv\/lv\/wp-json\/wp\/v2\/product_tag?post=2760"}],"curies":[{"name":"wp","href":"https:\/\/api.w.org\/{rel}","templated":true}]}}