{"id":2757,"date":"2025-11-03T14:56:31","date_gmt":"2025-11-03T11:56:31","guid":{"rendered":"https:\/\/goldberg.lv\/shop\/mr5-inf-stainless-steel-impr-tray\/"},"modified":"2026-04-15T16:14:14","modified_gmt":"2026-04-15T13:14:14","slug":"mr5-inf-stainless-steel-impr-tray","status":"publish","type":"product","link":"https:\/\/goldberg.lv\/lv\/shop\/mr5-inf-stainless-steel-impr-tray\/","title":{"rendered":"MR5 INF STAINLESS STEEL IMPR.TRAY"},"content":{"rendered":"<p>Perfor\u0113ti ner\u016bs\u0113jo\u0161\u0101 t\u0113rauda nospiedumu palikt\u0146i ar aizturo\u0161u malu.<\/p>\n<p>SUP. mm 66\u00d750 - 67\u00d751 - 68\u00d755 - 72\u00d756 - 73\u00d759 - 74\u00d764<\/p>\n<p>INF. mm 68\u00d752 - 70\u00d754 - 72\u00d756 - 78\u00d757 - 79\u00d759 - 80\u00d763<\/p>","protected":false},"excerpt":{"rendered":"<p>Perforated stainless steel impression trays with retention rim. SUP. mm 66\u00d750 \u2013 67\u00d751 \u2013 68\u00d755 \u2013 72\u00d756 \u2013 73\u00d759 \u2013<\/p>","protected":false},"featured_media":5420,"template":"","meta":[],"product_brand":[94],"product_cat":[51],"product_tag":[],"class_list":{"0":"post-2757","1":"product","2":"type-product","3":"status-publish","4":"has-post-thumbnail","6":"product_brand-larident","7":"product_cat-larident","9":"first","10":"instock","11":"shipping-taxable","12":"purchasable","13":"product-type-simple"},"_links":{"self":[{"href":"https:\/\/goldberg.lv\/lv\/wp-json\/wp\/v2\/product\/2757","targetHints":{"allow":["GET"]}}],"collection":[{"href":"https:\/\/goldberg.lv\/lv\/wp-json\/wp\/v2\/product"}],"about":[{"href":"https:\/\/goldberg.lv\/lv\/wp-json\/wp\/v2\/types\/product"}],"wp:featuredmedia":[{"embeddable":true,"href":"https:\/\/goldberg.lv\/lv\/wp-json\/wp\/v2\/media\/5420"}],"wp:attachment":[{"href":"https:\/\/goldberg.lv\/lv\/wp-json\/wp\/v2\/media?parent=2757"}],"wp:term":[{"taxonomy":"product_brand","embeddable":true,"href":"https:\/\/goldberg.lv\/lv\/wp-json\/wp\/v2\/product_brand?post=2757"},{"taxonomy":"product_cat","embeddable":true,"href":"https:\/\/goldberg.lv\/lv\/wp-json\/wp\/v2\/product_cat?post=2757"},{"taxonomy":"product_tag","embeddable":true,"href":"https:\/\/goldberg.lv\/lv\/wp-json\/wp\/v2\/product_tag?post=2757"}],"curies":[{"name":"wp","href":"https:\/\/api.w.org\/{rel}","templated":true}]}}