{"id":2754,"date":"2025-11-03T14:56:28","date_gmt":"2025-11-03T11:56:28","guid":{"rendered":"https:\/\/goldberg.lv\/shop\/l84-burs-holder-autoclavable14-univ-holes\/"},"modified":"2026-04-15T16:14:12","modified_gmt":"2026-04-15T13:14:12","slug":"l84-burs-holder-autoclavable14-univ-holes","status":"publish","type":"product","link":"https:\/\/goldberg.lv\/lv\/shop\/l84-burs-holder-autoclavable14-univ-holes\/","title":{"rendered":"L84 AUTOKL\u0100V\u0112JAMS URBJU TUR\u0112T\u0100JS, 14 UNIV.CAURUMI"},"content":{"rendered":"<p>Uzga\u013ca tur\u0113t\u0101js ultraska\u0146as t\u012br\u012b\u0161anai, 4 caurumi RA un 8 caurumi FG. Bloki atv\u0113rti vai aizv\u0113rti, autokl\u0101v\u0113jami.<\/p>\n<p>Funkcijas<br \/>\ncm 7,5\u00d73,5 h 12<br \/>\nPoliam\u012bds<br \/>\n1 gab.<\/p>","protected":false},"excerpt":{"rendered":"<p>Bur holder for ultrasonic cleaning, 4 holes RA and 8 holes FG. Blocks open or closed, autoclavable Features cm 7,5&#215;3,5<\/p>","protected":false},"featured_media":5421,"template":"","meta":[],"product_brand":[94],"product_cat":[51,118,120,114,117],"product_tag":[],"class_list":{"0":"post-2754","1":"product","2":"type-product","3":"status-publish","4":"has-post-thumbnail","6":"product_brand-larident","7":"product_cat-larident","8":"product_cat-burs","9":"product_cat-disinfection-sterilization","10":"product_cat-hygiene","11":"product_cat-instruments","13":"first","14":"instock","15":"shipping-taxable","16":"purchasable","17":"product-type-simple"},"_links":{"self":[{"href":"https:\/\/goldberg.lv\/lv\/wp-json\/wp\/v2\/product\/2754","targetHints":{"allow":["GET"]}}],"collection":[{"href":"https:\/\/goldberg.lv\/lv\/wp-json\/wp\/v2\/product"}],"about":[{"href":"https:\/\/goldberg.lv\/lv\/wp-json\/wp\/v2\/types\/product"}],"wp:featuredmedia":[{"embeddable":true,"href":"https:\/\/goldberg.lv\/lv\/wp-json\/wp\/v2\/media\/5421"}],"wp:attachment":[{"href":"https:\/\/goldberg.lv\/lv\/wp-json\/wp\/v2\/media?parent=2754"}],"wp:term":[{"taxonomy":"product_brand","embeddable":true,"href":"https:\/\/goldberg.lv\/lv\/wp-json\/wp\/v2\/product_brand?post=2754"},{"taxonomy":"product_cat","embeddable":true,"href":"https:\/\/goldberg.lv\/lv\/wp-json\/wp\/v2\/product_cat?post=2754"},{"taxonomy":"product_tag","embeddable":true,"href":"https:\/\/goldberg.lv\/lv\/wp-json\/wp\/v2\/product_tag?post=2754"}],"curies":[{"name":"wp","href":"https:\/\/api.w.org\/{rel}","templated":true}]}}