{"id":2751,"date":"2025-11-03T14:56:25","date_gmt":"2025-11-03T11:56:25","guid":{"rendered":"https:\/\/goldberg.lv\/shop\/l5-metallic-cotton-holder\/"},"modified":"2026-04-15T16:14:11","modified_gmt":"2026-04-15T13:14:11","slug":"l5-metallic-cotton-holder","status":"publish","type":"product","link":"https:\/\/goldberg.lv\/lv\/shop\/l5-metallic-cotton-holder\/","title":{"rendered":"L5 METALLIC COTTON HOLDER"},"content":{"rendered":"<p>Met\u0101la kokvilnas tur\u0113t\u0101js ar atsperi<\/p>\n<p>Funkcijas<br \/>\ncm \u00f8 6,3 h 8,2<br \/>\nMet\u0101ls<br \/>\n1 gab.<\/p>","protected":false},"excerpt":{"rendered":"<p>Metal cotton holder, with spring Features cm \u00f8 6,3 h 8,2 Metal 1 pcs<\/p>","protected":false},"featured_media":5423,"template":"","meta":[],"product_brand":[94],"product_cat":[51],"product_tag":[],"class_list":{"0":"post-2751","1":"product","2":"type-product","3":"status-publish","4":"has-post-thumbnail","6":"product_brand-larident","7":"product_cat-larident","9":"first","10":"instock","11":"shipping-taxable","12":"purchasable","13":"product-type-simple"},"_links":{"self":[{"href":"https:\/\/goldberg.lv\/lv\/wp-json\/wp\/v2\/product\/2751","targetHints":{"allow":["GET"]}}],"collection":[{"href":"https:\/\/goldberg.lv\/lv\/wp-json\/wp\/v2\/product"}],"about":[{"href":"https:\/\/goldberg.lv\/lv\/wp-json\/wp\/v2\/types\/product"}],"wp:featuredmedia":[{"embeddable":true,"href":"https:\/\/goldberg.lv\/lv\/wp-json\/wp\/v2\/media\/5423"}],"wp:attachment":[{"href":"https:\/\/goldberg.lv\/lv\/wp-json\/wp\/v2\/media?parent=2751"}],"wp:term":[{"taxonomy":"product_brand","embeddable":true,"href":"https:\/\/goldberg.lv\/lv\/wp-json\/wp\/v2\/product_brand?post=2751"},{"taxonomy":"product_cat","embeddable":true,"href":"https:\/\/goldberg.lv\/lv\/wp-json\/wp\/v2\/product_cat?post=2751"},{"taxonomy":"product_tag","embeddable":true,"href":"https:\/\/goldberg.lv\/lv\/wp-json\/wp\/v2\/product_tag?post=2751"}],"curies":[{"name":"wp","href":"https:\/\/api.w.org\/{rel}","templated":true}]}}