{"id":2748,"date":"2025-11-03T14:56:22","date_gmt":"2025-11-03T11:56:22","guid":{"rendered":"https:\/\/goldberg.lv\/shop\/l47-misto-round-burs-holder-40-fg-20-ra\/"},"modified":"2026-04-15T17:45:56","modified_gmt":"2026-04-15T14:45:56","slug":"l47-misto-round-burs-holder-40-fg-20-ra","status":"publish","type":"product","link":"https:\/\/goldberg.lv\/lv\/shop\/l47-misto-round-burs-holder-40-fg-20-ra\/","title":{"rendered":"L47-MISTO ROUND BURS HOLDER 40 FG +20 RA"},"content":{"rendered":"<p>Piln\u012bb\u0101 steriliz\u0113jams apa\u013c\u0161 urbju tur\u0113t\u0101js (pamatne un v\u0101ci\u0146\u0161).<\/p>\n<p>Funkcijas<br \/>\ncm \u00f8 8 h 9,5<br \/>\nPoliam\u012bds<br \/>\n1 gab.<\/p>","protected":false},"excerpt":{"rendered":"<p>Totally sterilizable round bur holder (base and cover). Features cm \u00f8 8 h 9,5 Polyamide 1 pcs<\/p>","protected":false},"featured_media":5427,"template":"","meta":[],"product_brand":[94],"product_cat":[51],"product_tag":[],"class_list":{"0":"post-2748","1":"product","2":"type-product","3":"status-publish","4":"has-post-thumbnail","6":"product_brand-larident","7":"product_cat-larident","9":"first","10":"instock","11":"shipping-taxable","12":"purchasable","13":"product-type-simple"},"_links":{"self":[{"href":"https:\/\/goldberg.lv\/lv\/wp-json\/wp\/v2\/product\/2748","targetHints":{"allow":["GET"]}}],"collection":[{"href":"https:\/\/goldberg.lv\/lv\/wp-json\/wp\/v2\/product"}],"about":[{"href":"https:\/\/goldberg.lv\/lv\/wp-json\/wp\/v2\/types\/product"}],"wp:featuredmedia":[{"embeddable":true,"href":"https:\/\/goldberg.lv\/lv\/wp-json\/wp\/v2\/media\/5427"}],"wp:attachment":[{"href":"https:\/\/goldberg.lv\/lv\/wp-json\/wp\/v2\/media?parent=2748"}],"wp:term":[{"taxonomy":"product_brand","embeddable":true,"href":"https:\/\/goldberg.lv\/lv\/wp-json\/wp\/v2\/product_brand?post=2748"},{"taxonomy":"product_cat","embeddable":true,"href":"https:\/\/goldberg.lv\/lv\/wp-json\/wp\/v2\/product_cat?post=2748"},{"taxonomy":"product_tag","embeddable":true,"href":"https:\/\/goldberg.lv\/lv\/wp-json\/wp\/v2\/product_tag?post=2748"}],"curies":[{"name":"wp","href":"https:\/\/api.w.org\/{rel}","templated":true}]}}