{"id":2741,"date":"2025-11-03T14:56:14","date_gmt":"2025-11-03T11:56:14","guid":{"rendered":"https:\/\/goldberg.lv\/shop\/ls18fg-m-hp-ra-stery-burs-blok-with-lid\/"},"modified":"2026-04-15T16:14:07","modified_gmt":"2026-04-15T13:14:07","slug":"ls18fg-m-hp-ra-stery-burs-blok-with-lid","status":"publish","type":"product","link":"https:\/\/goldberg.lv\/lv\/shop\/ls18fg-m-hp-ra-stery-burs-blok-with-lid\/","title":{"rendered":"LS18FG\/M\/HP\/RA STERY BURS BLOK WITH LID"},"content":{"rendered":"<p>LS18<br \/>\n18 asme\u0146u tur\u0113t\u0101js<br \/>\ncm 6,5\u00d75<\/p>","protected":false},"excerpt":{"rendered":"<p>LS18 Holder for 18 burs cm 6,5&#215;5<\/p>","protected":false},"featured_media":5438,"template":"","meta":[],"product_brand":[94],"product_cat":[51],"product_tag":[],"class_list":{"0":"post-2741","1":"product","2":"type-product","3":"status-publish","4":"has-post-thumbnail","6":"product_brand-larident","7":"product_cat-larident","9":"first","10":"instock","11":"shipping-taxable","12":"purchasable","13":"product-type-simple"},"_links":{"self":[{"href":"https:\/\/goldberg.lv\/lv\/wp-json\/wp\/v2\/product\/2741","targetHints":{"allow":["GET"]}}],"collection":[{"href":"https:\/\/goldberg.lv\/lv\/wp-json\/wp\/v2\/product"}],"about":[{"href":"https:\/\/goldberg.lv\/lv\/wp-json\/wp\/v2\/types\/product"}],"wp:featuredmedia":[{"embeddable":true,"href":"https:\/\/goldberg.lv\/lv\/wp-json\/wp\/v2\/media\/5438"}],"wp:attachment":[{"href":"https:\/\/goldberg.lv\/lv\/wp-json\/wp\/v2\/media?parent=2741"}],"wp:term":[{"taxonomy":"product_brand","embeddable":true,"href":"https:\/\/goldberg.lv\/lv\/wp-json\/wp\/v2\/product_brand?post=2741"},{"taxonomy":"product_cat","embeddable":true,"href":"https:\/\/goldberg.lv\/lv\/wp-json\/wp\/v2\/product_cat?post=2741"},{"taxonomy":"product_tag","embeddable":true,"href":"https:\/\/goldberg.lv\/lv\/wp-json\/wp\/v2\/product_tag?post=2741"}],"curies":[{"name":"wp","href":"https:\/\/api.w.org\/{rel}","templated":true}]}}