{"id":2740,"date":"2025-11-03T14:56:13","date_gmt":"2025-11-03T11:56:13","guid":{"rendered":"https:\/\/goldberg.lv\/shop\/g84-holder-for-10-piliers-or-cuttersacrylic\/"},"modified":"2026-04-15T16:14:06","modified_gmt":"2026-04-15T13:14:06","slug":"g84-holder-for-10-piliers-or-cuttersacrylic","status":"publish","type":"product","link":"https:\/\/goldberg.lv\/lv\/shop\/g84-holder-for-10-piliers-or-cuttersacrylic\/","title":{"rendered":"G84 HOLDER FOR 10 PILIERS OR CUTTERS,ACRYLIC"},"content":{"rendered":"<p>Plexiglass organizators ar 12 caurumiem \u0161\u013circ\u0113m, ar caurumiem \u0161\u013circ\u0113m Flow tetric stil\u0101.<\/p>\n<p>Funkcijas<br \/>\ncm 12\u00d712<br \/>\nPlexiglass<br \/>\n1 gab.<\/p>","protected":false},"excerpt":{"rendered":"<p>Plexiglass organizer with 12 holes for syringes, with holes for Flow tetric style syringes Features cm 12\u00d712 Plexiglass 1 pcs<\/p>","protected":false},"featured_media":5440,"template":"","meta":[],"product_brand":[94],"product_cat":[51],"product_tag":[],"class_list":{"0":"post-2740","1":"product","2":"type-product","3":"status-publish","4":"has-post-thumbnail","6":"product_brand-larident","7":"product_cat-larident","9":"first","10":"instock","11":"shipping-taxable","12":"purchasable","13":"product-type-simple"},"_links":{"self":[{"href":"https:\/\/goldberg.lv\/lv\/wp-json\/wp\/v2\/product\/2740","targetHints":{"allow":["GET"]}}],"collection":[{"href":"https:\/\/goldberg.lv\/lv\/wp-json\/wp\/v2\/product"}],"about":[{"href":"https:\/\/goldberg.lv\/lv\/wp-json\/wp\/v2\/types\/product"}],"wp:featuredmedia":[{"embeddable":true,"href":"https:\/\/goldberg.lv\/lv\/wp-json\/wp\/v2\/media\/5440"}],"wp:attachment":[{"href":"https:\/\/goldberg.lv\/lv\/wp-json\/wp\/v2\/media?parent=2740"}],"wp:term":[{"taxonomy":"product_brand","embeddable":true,"href":"https:\/\/goldberg.lv\/lv\/wp-json\/wp\/v2\/product_brand?post=2740"},{"taxonomy":"product_cat","embeddable":true,"href":"https:\/\/goldberg.lv\/lv\/wp-json\/wp\/v2\/product_cat?post=2740"},{"taxonomy":"product_tag","embeddable":true,"href":"https:\/\/goldberg.lv\/lv\/wp-json\/wp\/v2\/product_tag?post=2740"}],"curies":[{"name":"wp","href":"https:\/\/api.w.org\/{rel}","templated":true}]}}