{"id":2739,"date":"2025-11-03T14:56:12","date_gmt":"2025-11-03T11:56:12","guid":{"rendered":"https:\/\/goldberg.lv\/shop\/g81-pier-holder-round\/"},"modified":"2026-04-15T16:14:05","modified_gmt":"2026-04-15T13:14:05","slug":"g81-pier-holder-round","status":"publish","type":"product","link":"https:\/\/goldberg.lv\/lv\/shop\/g81-pier-holder-round\/","title":{"rendered":"G81 PIER HOLDER ROUND"},"content":{"rendered":"<p>Apa\u013c\u0161 zob\u0101rstniec\u012bbas knaibl\u012b\u0161u tur\u0113t\u0101js ar instrumentu tur\u0113t\u0101ju centr\u0101<\/p>\n<p>Funkcijas<br \/>\ncm \u00f8 12 h 12<br \/>\nPlexiglass<br \/>\n1 gab.<\/p>","protected":false},"excerpt":{"rendered":"<p>Round dental pliers holder, with instrument holder in the centre Features cm \u00f8 12 h 12 Plexiglass 1 pcs<\/p>","protected":false},"featured_media":5442,"template":"","meta":[],"product_brand":[94],"product_cat":[51],"product_tag":[],"class_list":{"0":"post-2739","1":"product","2":"type-product","3":"status-publish","4":"has-post-thumbnail","6":"product_brand-larident","7":"product_cat-larident","9":"first","10":"instock","11":"shipping-taxable","12":"purchasable","13":"product-type-simple"},"_links":{"self":[{"href":"https:\/\/goldberg.lv\/lv\/wp-json\/wp\/v2\/product\/2739","targetHints":{"allow":["GET"]}}],"collection":[{"href":"https:\/\/goldberg.lv\/lv\/wp-json\/wp\/v2\/product"}],"about":[{"href":"https:\/\/goldberg.lv\/lv\/wp-json\/wp\/v2\/types\/product"}],"wp:featuredmedia":[{"embeddable":true,"href":"https:\/\/goldberg.lv\/lv\/wp-json\/wp\/v2\/media\/5442"}],"wp:attachment":[{"href":"https:\/\/goldberg.lv\/lv\/wp-json\/wp\/v2\/media?parent=2739"}],"wp:term":[{"taxonomy":"product_brand","embeddable":true,"href":"https:\/\/goldberg.lv\/lv\/wp-json\/wp\/v2\/product_brand?post=2739"},{"taxonomy":"product_cat","embeddable":true,"href":"https:\/\/goldberg.lv\/lv\/wp-json\/wp\/v2\/product_cat?post=2739"},{"taxonomy":"product_tag","embeddable":true,"href":"https:\/\/goldberg.lv\/lv\/wp-json\/wp\/v2\/product_tag?post=2739"}],"curies":[{"name":"wp","href":"https:\/\/api.w.org\/{rel}","templated":true}]}}