{"id":2738,"date":"2025-11-03T14:56:11","date_gmt":"2025-11-03T11:56:11","guid":{"rendered":"https:\/\/goldberg.lv\/shop\/g73-disposable-container-pcs-10\/"},"modified":"2026-04-15T16:14:05","modified_gmt":"2026-04-15T13:14:05","slug":"g73-disposable-container-pcs-10","status":"publish","type":"product","link":"https:\/\/goldberg.lv\/lv\/shop\/g73-disposable-container-pcs-10\/","title":{"rendered":"G73 VIENREIZLIETOJAMIE KONTEINERI GAB. 10"},"content":{"rendered":"<p>Pies\u016bcek\u0146a plate G62, ar nesl\u012bdo\u0161u pies\u016bcek\u0146a pamatni<\/p>\n<p>Funkcijas<br \/>\ncm 14\u00d711,5<br \/>\nPolipropil\u0113ns<br \/>\n1 gab.<\/p>","protected":false},"excerpt":{"rendered":"<p>Suction plate for G62, with a non-slip suction cup base Features cm 14&#215;11,5 Polypropylene 1 pcs<\/p>","protected":false},"featured_media":5443,"template":"","meta":[],"product_brand":[94],"product_cat":[51],"product_tag":[],"class_list":{"0":"post-2738","1":"product","2":"type-product","3":"status-publish","4":"has-post-thumbnail","6":"product_brand-larident","7":"product_cat-larident","9":"first","10":"instock","11":"shipping-taxable","12":"purchasable","13":"product-type-simple"},"_links":{"self":[{"href":"https:\/\/goldberg.lv\/lv\/wp-json\/wp\/v2\/product\/2738","targetHints":{"allow":["GET"]}}],"collection":[{"href":"https:\/\/goldberg.lv\/lv\/wp-json\/wp\/v2\/product"}],"about":[{"href":"https:\/\/goldberg.lv\/lv\/wp-json\/wp\/v2\/types\/product"}],"wp:featuredmedia":[{"embeddable":true,"href":"https:\/\/goldberg.lv\/lv\/wp-json\/wp\/v2\/media\/5443"}],"wp:attachment":[{"href":"https:\/\/goldberg.lv\/lv\/wp-json\/wp\/v2\/media?parent=2738"}],"wp:term":[{"taxonomy":"product_brand","embeddable":true,"href":"https:\/\/goldberg.lv\/lv\/wp-json\/wp\/v2\/product_brand?post=2738"},{"taxonomy":"product_cat","embeddable":true,"href":"https:\/\/goldberg.lv\/lv\/wp-json\/wp\/v2\/product_cat?post=2738"},{"taxonomy":"product_tag","embeddable":true,"href":"https:\/\/goldberg.lv\/lv\/wp-json\/wp\/v2\/product_tag?post=2738"}],"curies":[{"name":"wp","href":"https:\/\/api.w.org\/{rel}","templated":true}]}}