{"id":2736,"date":"2025-11-03T14:56:08","date_gmt":"2025-11-03T11:56:08","guid":{"rendered":"https:\/\/goldberg.lv\/shop\/g70-box-cold-sterilization-3-l\/"},"modified":"2026-04-15T17:45:55","modified_gmt":"2026-04-15T14:45:55","slug":"g70-box-cold-sterilization-3-l","status":"publish","type":"product","link":"https:\/\/goldberg.lv\/lv\/shop\/g70-box-cold-sterilization-3-l\/","title":{"rendered":"G70 BOX COLD STERILIZATION 3 L"},"content":{"rendered":"<p>Kaste aukstajai steriliz\u0101cijai, autokl\u0101v\u0113jama 121\u00b0 temperat\u016br\u0101, piem\u0113rota 3 litriem<\/p>\n<p>Funkcijas<br \/>\ncm 35\u00d726 h 14<br \/>\nPolipropil\u0113ns<br \/>\n1 gab.<\/p>","protected":false},"excerpt":{"rendered":"<p>Box for cold sterilization, autoclavable at 121\u00b0, fits 3 lt Features cm 35&#215;26 h 14 Polypropylene 1 pcs<\/p>","protected":false},"featured_media":5445,"template":"","meta":[],"product_brand":[94],"product_cat":[51],"product_tag":[],"class_list":{"0":"post-2736","1":"product","2":"type-product","3":"status-publish","4":"has-post-thumbnail","6":"product_brand-larident","7":"product_cat-larident","9":"first","10":"outofstock","11":"shipping-taxable","12":"purchasable","13":"product-type-simple"},"_links":{"self":[{"href":"https:\/\/goldberg.lv\/lv\/wp-json\/wp\/v2\/product\/2736","targetHints":{"allow":["GET"]}}],"collection":[{"href":"https:\/\/goldberg.lv\/lv\/wp-json\/wp\/v2\/product"}],"about":[{"href":"https:\/\/goldberg.lv\/lv\/wp-json\/wp\/v2\/types\/product"}],"wp:featuredmedia":[{"embeddable":true,"href":"https:\/\/goldberg.lv\/lv\/wp-json\/wp\/v2\/media\/5445"}],"wp:attachment":[{"href":"https:\/\/goldberg.lv\/lv\/wp-json\/wp\/v2\/media?parent=2736"}],"wp:term":[{"taxonomy":"product_brand","embeddable":true,"href":"https:\/\/goldberg.lv\/lv\/wp-json\/wp\/v2\/product_brand?post=2736"},{"taxonomy":"product_cat","embeddable":true,"href":"https:\/\/goldberg.lv\/lv\/wp-json\/wp\/v2\/product_cat?post=2736"},{"taxonomy":"product_tag","embeddable":true,"href":"https:\/\/goldberg.lv\/lv\/wp-json\/wp\/v2\/product_tag?post=2736"}],"curies":[{"name":"wp","href":"https:\/\/api.w.org\/{rel}","templated":true}]}}