{"id":2733,"date":"2025-11-03T14:56:05","date_gmt":"2025-11-03T11:56:05","guid":{"rendered":"https:\/\/goldberg.lv\/shop\/g55-organizer-for-coservative\/"},"modified":"2026-04-15T16:14:01","modified_gmt":"2026-04-15T13:14:01","slug":"g55-organizer-for-coservative","status":"publish","type":"product","link":"https:\/\/goldberg.lv\/lv\/shop\/g55-organizer-for-coservative\/","title":{"rendered":"G55 ORGANIZATORS KOSERVAT\u012aVAM"},"content":{"rendered":"<p>Plexiglass organizators ar 12 caurumiem \u0161\u013circ\u0113m, \u010detriem apa\u013ciem nodal\u012bjumiem pudel\u0113m un 1 konteineru.<\/p>\n<p>Funkcijas<br \/>\ncm 22\u00d710 h 11<br \/>\nPlexiglass<br \/>\n1 gab.<\/p>","protected":false},"excerpt":{"rendered":"<p>Plexiglass organizer with 12 holes for syringes, four round compartments for bottles and 1 container Features cm 22\u00d710 h 11<\/p>","protected":false},"featured_media":5449,"template":"","meta":[],"product_brand":[94],"product_cat":[51],"product_tag":[],"class_list":{"0":"post-2733","1":"product","2":"type-product","3":"status-publish","4":"has-post-thumbnail","6":"product_brand-larident","7":"product_cat-larident","9":"first","10":"instock","11":"shipping-taxable","12":"purchasable","13":"product-type-simple"},"_links":{"self":[{"href":"https:\/\/goldberg.lv\/lv\/wp-json\/wp\/v2\/product\/2733","targetHints":{"allow":["GET"]}}],"collection":[{"href":"https:\/\/goldberg.lv\/lv\/wp-json\/wp\/v2\/product"}],"about":[{"href":"https:\/\/goldberg.lv\/lv\/wp-json\/wp\/v2\/types\/product"}],"wp:featuredmedia":[{"embeddable":true,"href":"https:\/\/goldberg.lv\/lv\/wp-json\/wp\/v2\/media\/5449"}],"wp:attachment":[{"href":"https:\/\/goldberg.lv\/lv\/wp-json\/wp\/v2\/media?parent=2733"}],"wp:term":[{"taxonomy":"product_brand","embeddable":true,"href":"https:\/\/goldberg.lv\/lv\/wp-json\/wp\/v2\/product_brand?post=2733"},{"taxonomy":"product_cat","embeddable":true,"href":"https:\/\/goldberg.lv\/lv\/wp-json\/wp\/v2\/product_cat?post=2733"},{"taxonomy":"product_tag","embeddable":true,"href":"https:\/\/goldberg.lv\/lv\/wp-json\/wp\/v2\/product_tag?post=2733"}],"curies":[{"name":"wp","href":"https:\/\/api.w.org\/{rel}","templated":true}]}}