{"id":2732,"date":"2025-11-03T14:56:02","date_gmt":"2025-11-03T11:56:02","guid":{"rendered":"https:\/\/goldberg.lv\/shop\/g54-organizer-12-syringe-universal\/"},"modified":"2026-04-15T16:14:00","modified_gmt":"2026-04-15T13:14:00","slug":"g54-organizer-12-syringe-universal","status":"publish","type":"product","link":"https:\/\/goldberg.lv\/lv\/shop\/g54-organizer-12-syringe-universal\/","title":{"rendered":"G54 ORGANIZER 12 SYRINGE UNIVERSAL"},"content":{"rendered":"<p>Plexiglass organizators ar 12 caurumiem \u0161\u013circ\u0113m, standarta caurums 3,5 cm<\/p>","protected":false},"excerpt":{"rendered":"<p>Plexiglass organizators ar 12 caurumiem \u0161\u013circ\u0113m, standarta caurums 3,5 cm<\/p>","protected":false},"featured_media":5451,"template":"","meta":[],"product_brand":[94],"product_cat":[51],"product_tag":[],"class_list":{"0":"post-2732","1":"product","2":"type-product","3":"status-publish","4":"has-post-thumbnail","6":"product_brand-larident","7":"product_cat-larident","9":"first","10":"instock","11":"shipping-taxable","12":"purchasable","13":"product-type-simple"},"_links":{"self":[{"href":"https:\/\/goldberg.lv\/lv\/wp-json\/wp\/v2\/product\/2732","targetHints":{"allow":["GET"]}}],"collection":[{"href":"https:\/\/goldberg.lv\/lv\/wp-json\/wp\/v2\/product"}],"about":[{"href":"https:\/\/goldberg.lv\/lv\/wp-json\/wp\/v2\/types\/product"}],"wp:featuredmedia":[{"embeddable":true,"href":"https:\/\/goldberg.lv\/lv\/wp-json\/wp\/v2\/media\/5451"}],"wp:attachment":[{"href":"https:\/\/goldberg.lv\/lv\/wp-json\/wp\/v2\/media?parent=2732"}],"wp:term":[{"taxonomy":"product_brand","embeddable":true,"href":"https:\/\/goldberg.lv\/lv\/wp-json\/wp\/v2\/product_brand?post=2732"},{"taxonomy":"product_cat","embeddable":true,"href":"https:\/\/goldberg.lv\/lv\/wp-json\/wp\/v2\/product_cat?post=2732"},{"taxonomy":"product_tag","embeddable":true,"href":"https:\/\/goldberg.lv\/lv\/wp-json\/wp\/v2\/product_tag?post=2732"}],"curies":[{"name":"wp","href":"https:\/\/api.w.org\/{rel}","templated":true}]}}