{"id":2731,"date":"2025-11-03T14:56:01","date_gmt":"2025-11-03T11:56:01","guid":{"rendered":"https:\/\/goldberg.lv\/shop\/g53-organizer-for-coservative-big-24-holes\/"},"modified":"2026-04-15T16:13:59","modified_gmt":"2026-04-15T13:13:59","slug":"g53-organizer-for-coservative-big-24-holes","status":"publish","type":"product","link":"https:\/\/goldberg.lv\/lv\/shop\/g53-organizer-for-coservative-big-24-holes\/","title":{"rendered":"G53 ORGANIZER FOR COSERVATIVE BIG 24 HOLES"},"content":{"rendered":"<p>Plexiglass organizators ar 24 caurumiem Flow tetrisk\u0101 tipa \u0161\u013circ\u0113m, standarta caurums 3,5 cm<\/p>","protected":false},"excerpt":{"rendered":"<p>Plexiglass organizators ar 24 caurumiem Flow tetrisk\u0101 tipa \u0161\u013circ\u0113m, standarta caurums 3,5 cm<\/p>","protected":false},"featured_media":5452,"template":"","meta":[],"product_brand":[94],"product_cat":[51],"product_tag":[],"class_list":{"0":"post-2731","1":"product","2":"type-product","3":"status-publish","4":"has-post-thumbnail","6":"product_brand-larident","7":"product_cat-larident","9":"first","10":"instock","11":"shipping-taxable","12":"purchasable","13":"product-type-simple"},"_links":{"self":[{"href":"https:\/\/goldberg.lv\/lv\/wp-json\/wp\/v2\/product\/2731","targetHints":{"allow":["GET"]}}],"collection":[{"href":"https:\/\/goldberg.lv\/lv\/wp-json\/wp\/v2\/product"}],"about":[{"href":"https:\/\/goldberg.lv\/lv\/wp-json\/wp\/v2\/types\/product"}],"wp:featuredmedia":[{"embeddable":true,"href":"https:\/\/goldberg.lv\/lv\/wp-json\/wp\/v2\/media\/5452"}],"wp:attachment":[{"href":"https:\/\/goldberg.lv\/lv\/wp-json\/wp\/v2\/media?parent=2731"}],"wp:term":[{"taxonomy":"product_brand","embeddable":true,"href":"https:\/\/goldberg.lv\/lv\/wp-json\/wp\/v2\/product_brand?post=2731"},{"taxonomy":"product_cat","embeddable":true,"href":"https:\/\/goldberg.lv\/lv\/wp-json\/wp\/v2\/product_cat?post=2731"},{"taxonomy":"product_tag","embeddable":true,"href":"https:\/\/goldberg.lv\/lv\/wp-json\/wp\/v2\/product_tag?post=2731"}],"curies":[{"name":"wp","href":"https:\/\/api.w.org\/{rel}","templated":true}]}}