{"id":2730,"date":"2025-11-03T14:55:59","date_gmt":"2025-11-03T11:55:59","guid":{"rendered":"https:\/\/goldberg.lv\/shop\/g47-box-for-bleaching-trays-white\/"},"modified":"2026-04-15T17:45:54","modified_gmt":"2026-04-15T14:45:54","slug":"g47-box-for-bleaching-trays-white","status":"publish","type":"product","link":"https:\/\/goldberg.lv\/lv\/shop\/g47-box-for-bleaching-trays-white\/","title":{"rendered":"G47 KASTE BALIN\u0100\u0160ANAS PAPL\u0100T\u0112M BALTA"},"content":{"rendered":"<p>Dubult\u0101 koduma kaste, balta kr\u0101sa<\/p>","protected":false},"excerpt":{"rendered":"<p>Dubult\u0101 koduma kaste, balta kr\u0101sa<\/p>","protected":false},"featured_media":5453,"template":"","meta":[],"product_brand":[94],"product_cat":[51],"product_tag":[],"class_list":{"0":"post-2730","1":"product","2":"type-product","3":"status-publish","4":"has-post-thumbnail","6":"product_brand-larident","7":"product_cat-larident","9":"first","10":"instock","11":"shipping-taxable","12":"purchasable","13":"product-type-simple"},"_links":{"self":[{"href":"https:\/\/goldberg.lv\/lv\/wp-json\/wp\/v2\/product\/2730","targetHints":{"allow":["GET"]}}],"collection":[{"href":"https:\/\/goldberg.lv\/lv\/wp-json\/wp\/v2\/product"}],"about":[{"href":"https:\/\/goldberg.lv\/lv\/wp-json\/wp\/v2\/types\/product"}],"wp:featuredmedia":[{"embeddable":true,"href":"https:\/\/goldberg.lv\/lv\/wp-json\/wp\/v2\/media\/5453"}],"wp:attachment":[{"href":"https:\/\/goldberg.lv\/lv\/wp-json\/wp\/v2\/media?parent=2730"}],"wp:term":[{"taxonomy":"product_brand","embeddable":true,"href":"https:\/\/goldberg.lv\/lv\/wp-json\/wp\/v2\/product_brand?post=2730"},{"taxonomy":"product_cat","embeddable":true,"href":"https:\/\/goldberg.lv\/lv\/wp-json\/wp\/v2\/product_cat?post=2730"},{"taxonomy":"product_tag","embeddable":true,"href":"https:\/\/goldberg.lv\/lv\/wp-json\/wp\/v2\/product_tag?post=2730"}],"curies":[{"name":"wp","href":"https:\/\/api.w.org\/{rel}","templated":true}]}}