{"id":2729,"date":"2025-11-03T14:55:58","date_gmt":"2025-11-03T11:55:58","guid":{"rendered":"https:\/\/goldberg.lv\/shop\/g45-retainer-box-medium-g45\/"},"modified":"2026-04-15T17:45:54","modified_gmt":"2026-04-15T14:45:54","slug":"g45-retainer-box-medium-g45","status":"publish","type":"product","link":"https:\/\/goldberg.lv\/lv\/shop\/g45-retainer-box-medium-g45\/","title":{"rendered":"G45 RETAINER BOX MEDIUM G45"},"content":{"rendered":"<p>Maza tur\u0113t\u0101ja kaste (kodumam) ar ventil\u0101cijas caurumiem, da\u017e\u0101d\u0101s kr\u0101s\u0101s, pieejama ar\u012b da\u017e\u0101dos iepakojumos. Standarta kartona k\u0101rba 500 gab. (50 maisi\u0146i)<\/p>","protected":false},"excerpt":{"rendered":"<p>Small retainer box (for bite) with ventilation holes, various colors, also available in assorted packaging. Standard carton 500 pcs (50<\/p>","protected":false},"featured_media":5455,"template":"","meta":[],"product_brand":[94],"product_cat":[51],"product_tag":[],"class_list":{"0":"post-2729","1":"product","2":"type-product","3":"status-publish","4":"has-post-thumbnail","6":"product_brand-larident","7":"product_cat-larident","9":"first","10":"instock","11":"shipping-taxable","12":"purchasable","13":"product-type-simple"},"_links":{"self":[{"href":"https:\/\/goldberg.lv\/lv\/wp-json\/wp\/v2\/product\/2729","targetHints":{"allow":["GET"]}}],"collection":[{"href":"https:\/\/goldberg.lv\/lv\/wp-json\/wp\/v2\/product"}],"about":[{"href":"https:\/\/goldberg.lv\/lv\/wp-json\/wp\/v2\/types\/product"}],"wp:featuredmedia":[{"embeddable":true,"href":"https:\/\/goldberg.lv\/lv\/wp-json\/wp\/v2\/media\/5455"}],"wp:attachment":[{"href":"https:\/\/goldberg.lv\/lv\/wp-json\/wp\/v2\/media?parent=2729"}],"wp:term":[{"taxonomy":"product_brand","embeddable":true,"href":"https:\/\/goldberg.lv\/lv\/wp-json\/wp\/v2\/product_brand?post=2729"},{"taxonomy":"product_cat","embeddable":true,"href":"https:\/\/goldberg.lv\/lv\/wp-json\/wp\/v2\/product_cat?post=2729"},{"taxonomy":"product_tag","embeddable":true,"href":"https:\/\/goldberg.lv\/lv\/wp-json\/wp\/v2\/product_tag?post=2729"}],"curies":[{"name":"wp","href":"https:\/\/api.w.org\/{rel}","templated":true}]}}