{"id":2728,"date":"2025-11-03T14:55:57","date_gmt":"2025-11-03T11:55:57","guid":{"rendered":"https:\/\/goldberg.lv\/shop\/g4-box-with-filter-for-dental\/"},"modified":"2026-04-15T17:45:53","modified_gmt":"2026-04-15T14:45:53","slug":"g4-box-with-filter-for-dental","status":"publish","type":"product","link":"https:\/\/goldberg.lv\/lv\/shop\/g4-box-with-filter-for-dental\/","title":{"rendered":"G4 BOX WITH FILTER FOR DENTAL"},"content":{"rendered":"<p>Prot\u0113\u017eu kaste ar iek\u0161\u0113jo filtru, balt\u0101 kr\u0101s\u0101, autokl\u0101v\u0113jama, iepakota atsevi\u0161\u0137i pap\u012bra kast\u012bt\u0113<\/p>\n<p>Funkcijas<br \/>\ncm \u00f8 9 h 8,2<br \/>\nPolipropil\u0113ns<br \/>\n1 gab.<\/p>","protected":false},"excerpt":{"rendered":"<p>Prosthesis box with internal filter, white colour, autoclavable, packed individually in paper box Features cm \u00f8 9 h 8,2 Polypropylene<\/p>","protected":false},"featured_media":5456,"template":"","meta":[],"product_brand":[94],"product_cat":[51],"product_tag":[],"class_list":{"0":"post-2728","1":"product","2":"type-product","3":"status-publish","4":"has-post-thumbnail","6":"product_brand-larident","7":"product_cat-larident","9":"first","10":"instock","11":"shipping-taxable","12":"purchasable","13":"product-type-simple"},"_links":{"self":[{"href":"https:\/\/goldberg.lv\/lv\/wp-json\/wp\/v2\/product\/2728","targetHints":{"allow":["GET"]}}],"collection":[{"href":"https:\/\/goldberg.lv\/lv\/wp-json\/wp\/v2\/product"}],"about":[{"href":"https:\/\/goldberg.lv\/lv\/wp-json\/wp\/v2\/types\/product"}],"wp:featuredmedia":[{"embeddable":true,"href":"https:\/\/goldberg.lv\/lv\/wp-json\/wp\/v2\/media\/5456"}],"wp:attachment":[{"href":"https:\/\/goldberg.lv\/lv\/wp-json\/wp\/v2\/media?parent=2728"}],"wp:term":[{"taxonomy":"product_brand","embeddable":true,"href":"https:\/\/goldberg.lv\/lv\/wp-json\/wp\/v2\/product_brand?post=2728"},{"taxonomy":"product_cat","embeddable":true,"href":"https:\/\/goldberg.lv\/lv\/wp-json\/wp\/v2\/product_cat?post=2728"},{"taxonomy":"product_tag","embeddable":true,"href":"https:\/\/goldberg.lv\/lv\/wp-json\/wp\/v2\/product_tag?post=2728"}],"curies":[{"name":"wp","href":"https:\/\/api.w.org\/{rel}","templated":true}]}}