{"id":2727,"date":"2025-11-03T14:55:56","date_gmt":"2025-11-03T11:55:56","guid":{"rendered":"https:\/\/goldberg.lv\/shop\/g37-light-orthobox\/"},"modified":"2026-04-15T17:45:53","modified_gmt":"2026-04-15T14:45:53","slug":"g37-light-orthobox","status":"publish","type":"product","link":"https:\/\/goldberg.lv\/lv\/shop\/g37-light-orthobox\/","title":{"rendered":"G37 LIGHT ORTHOBOX"},"content":{"rendered":"<p>Viegla ortodontisk\u0101 kaste, ekonomisks modelis, moderns dizains, ar ventil\u0101cijas caurumiem<\/p>\n<p>Funkcijas<br \/>\ncm 8,1\u00d77,5 h 3,8 h iek\u0161\u0113jais 3,4 cm<br \/>\nPolipropil\u0113ns<br \/>\n10 gab.<\/p>","protected":false},"excerpt":{"rendered":"<p>Light orthodontic box, economic model, modern design, with ventilation holes Features cm 8,1&#215;7,5 h 3,8 h internal 3,4 cm Polypropylene<\/p>","protected":false},"featured_media":5459,"template":"","meta":[],"product_brand":[94],"product_cat":[51],"product_tag":[],"class_list":{"0":"post-2727","1":"product","2":"type-product","3":"status-publish","4":"has-post-thumbnail","6":"product_brand-larident","7":"product_cat-larident","9":"first","10":"instock","11":"shipping-taxable","12":"purchasable","13":"product-type-simple"},"_links":{"self":[{"href":"https:\/\/goldberg.lv\/lv\/wp-json\/wp\/v2\/product\/2727","targetHints":{"allow":["GET"]}}],"collection":[{"href":"https:\/\/goldberg.lv\/lv\/wp-json\/wp\/v2\/product"}],"about":[{"href":"https:\/\/goldberg.lv\/lv\/wp-json\/wp\/v2\/types\/product"}],"wp:featuredmedia":[{"embeddable":true,"href":"https:\/\/goldberg.lv\/lv\/wp-json\/wp\/v2\/media\/5459"}],"wp:attachment":[{"href":"https:\/\/goldberg.lv\/lv\/wp-json\/wp\/v2\/media?parent=2727"}],"wp:term":[{"taxonomy":"product_brand","embeddable":true,"href":"https:\/\/goldberg.lv\/lv\/wp-json\/wp\/v2\/product_brand?post=2727"},{"taxonomy":"product_cat","embeddable":true,"href":"https:\/\/goldberg.lv\/lv\/wp-json\/wp\/v2\/product_cat?post=2727"},{"taxonomy":"product_tag","embeddable":true,"href":"https:\/\/goldberg.lv\/lv\/wp-json\/wp\/v2\/product_tag?post=2727"}],"curies":[{"name":"wp","href":"https:\/\/api.w.org\/{rel}","templated":true}]}}