{"id":2725,"date":"2025-11-03T14:55:53","date_gmt":"2025-11-03T11:55:53","guid":{"rendered":"https:\/\/goldberg.lv\/shop\/g3-box-ortho\/"},"modified":"2026-04-15T16:13:56","modified_gmt":"2026-04-15T13:13:56","slug":"g3-box-ortho","status":"publish","type":"product","link":"https:\/\/goldberg.lv\/lv\/shop\/g3-box-ortho\/","title":{"rendered":"G3 BOX ORTHO."},"content":{"rendered":"<p>Protez\u0113\u0161anas un ortodontisk\u0101s kast\u012btes mirdzo\u0161\u0101s kr\u0101s\u0101s, radot metaliz\u0113tu un marmor\u0113tu efektu, kas pie\u0161\u0137ir izstr\u0101d\u0101jumam modern\u0101ku un pievilc\u012bg\u0101ku izskatu.<\/p>\n<p>Funkcijas<br \/>\ncm 8\u00d77 h 4<br \/>\nPolipropil\u0113ns<\/p>","protected":false},"excerpt":{"rendered":"<p>Prosthetic and orthodontic boxes in glittery colours, making a metalized and marmorized effect, giving the product a more modern and<\/p>","protected":false},"featured_media":5461,"template":"","meta":[],"product_brand":[94],"product_cat":[51],"product_tag":[],"class_list":{"0":"post-2725","1":"product","2":"type-product","3":"status-publish","4":"has-post-thumbnail","6":"product_brand-larident","7":"product_cat-larident","9":"first","10":"instock","11":"shipping-taxable","12":"purchasable","13":"product-type-simple"},"_links":{"self":[{"href":"https:\/\/goldberg.lv\/lv\/wp-json\/wp\/v2\/product\/2725","targetHints":{"allow":["GET"]}}],"collection":[{"href":"https:\/\/goldberg.lv\/lv\/wp-json\/wp\/v2\/product"}],"about":[{"href":"https:\/\/goldberg.lv\/lv\/wp-json\/wp\/v2\/types\/product"}],"wp:featuredmedia":[{"embeddable":true,"href":"https:\/\/goldberg.lv\/lv\/wp-json\/wp\/v2\/media\/5461"}],"wp:attachment":[{"href":"https:\/\/goldberg.lv\/lv\/wp-json\/wp\/v2\/media?parent=2725"}],"wp:term":[{"taxonomy":"product_brand","embeddable":true,"href":"https:\/\/goldberg.lv\/lv\/wp-json\/wp\/v2\/product_brand?post=2725"},{"taxonomy":"product_cat","embeddable":true,"href":"https:\/\/goldberg.lv\/lv\/wp-json\/wp\/v2\/product_cat?post=2725"},{"taxonomy":"product_tag","embeddable":true,"href":"https:\/\/goldberg.lv\/lv\/wp-json\/wp\/v2\/product_tag?post=2725"}],"curies":[{"name":"wp","href":"https:\/\/api.w.org\/{rel}","templated":true}]}}