{"id":2720,"date":"2025-11-03T14:55:46","date_gmt":"2025-11-03T11:55:46","guid":{"rendered":"https:\/\/goldberg.lv\/shop\/g1-denture-box-with-filter-autoclavable\/"},"modified":"2026-04-15T17:45:52","modified_gmt":"2026-04-15T14:45:52","slug":"g1-denture-box-with-filter-autoclavable","status":"publish","type":"product","link":"https:\/\/goldberg.lv\/lv\/shop\/g1-denture-box-with-filter-autoclavable\/","title":{"rendered":"G1 DENTURE BOX WITH FILTER AUTOCLAVABLE"},"content":{"rendered":"<p>Prot\u0113\u017eu kaste ar iek\u0161\u0113jo filtru, balt\u0101 kr\u0101s\u0101, autokl\u0101v\u0113jama, iepakota atsevi\u0161\u0137i plastmasas maisi\u0146\u0101. Standarta kartona k\u0101rba 120 gab.<\/p>\n<p>Funkcijas<br \/>\ncm \u00f8 9 h 8,2<\/p>","protected":false},"excerpt":{"rendered":"<p>Prosthesis box with internal filter, white colour, autoclavable, packed individually in plastic bag. Standard carton 120 pcs. Features cm \u00f8<\/p>","protected":false},"featured_media":5469,"template":"","meta":[],"product_brand":[94],"product_cat":[51],"product_tag":[],"class_list":{"0":"post-2720","1":"product","2":"type-product","3":"status-publish","4":"has-post-thumbnail","6":"product_brand-larident","7":"product_cat-larident","9":"first","10":"instock","11":"shipping-taxable","12":"purchasable","13":"product-type-simple"},"_links":{"self":[{"href":"https:\/\/goldberg.lv\/lv\/wp-json\/wp\/v2\/product\/2720","targetHints":{"allow":["GET"]}}],"collection":[{"href":"https:\/\/goldberg.lv\/lv\/wp-json\/wp\/v2\/product"}],"about":[{"href":"https:\/\/goldberg.lv\/lv\/wp-json\/wp\/v2\/types\/product"}],"wp:featuredmedia":[{"embeddable":true,"href":"https:\/\/goldberg.lv\/lv\/wp-json\/wp\/v2\/media\/5469"}],"wp:attachment":[{"href":"https:\/\/goldberg.lv\/lv\/wp-json\/wp\/v2\/media?parent=2720"}],"wp:term":[{"taxonomy":"product_brand","embeddable":true,"href":"https:\/\/goldberg.lv\/lv\/wp-json\/wp\/v2\/product_brand?post=2720"},{"taxonomy":"product_cat","embeddable":true,"href":"https:\/\/goldberg.lv\/lv\/wp-json\/wp\/v2\/product_cat?post=2720"},{"taxonomy":"product_tag","embeddable":true,"href":"https:\/\/goldberg.lv\/lv\/wp-json\/wp\/v2\/product_tag?post=2720"}],"curies":[{"name":"wp","href":"https:\/\/api.w.org\/{rel}","templated":true}]}}