{"id":2718,"date":"2025-11-03T14:55:44","date_gmt":"2025-11-03T11:55:44","guid":{"rendered":"https:\/\/goldberg.lv\/shop\/f60-star-idroflask-with-clamp-bracket\/"},"modified":"2026-04-15T16:13:53","modified_gmt":"2026-04-15T13:13:53","slug":"f60-star-idroflask-with-clamp-bracket","status":"publish","type":"product","link":"https:\/\/goldberg.lv\/lv\/shop\/f60-star-idroflask-with-clamp-bracket\/","title":{"rendered":"F60 STAR IDROFLASK WITH CLAMP BRACKET"},"content":{"rendered":"<p>Hidraulisk\u0101 kolbas prese auksto sve\u0137u polimeriz\u0101cijai. Praktiska un dro\u0161a ier\u012bce, kas darbojas bez saspiesta gaisa vai elektr\u012bbas. Izgatavota no lieta alum\u012bnija ar dubult\u0101m aug\u0161\u0113j\u0101m un apak\u0161\u0113j\u0101m bl\u012bv\u0113m, lai vienm\u0113r\u012bgi palielin\u0101tu spiedienu. Apr\u012bkota ar kron\u0161teinu un dro\u0161\u012bbas v\u0101rstu. Piem\u0113rots visu parasto izm\u0113ru un formu kolbu pres\u0113\u0161anai. Visi darb\u012bbas elementi ir skaidri izvietoti un iztur\u012bgi. Kolonnu att\u0101lums 140 mm. P\u0113c spiediena v\u0101rsta aizv\u0113r\u0161anas darba galds tiek pacelts ar s\u016bk\u0146a sviru, l\u012bdz manometrs r\u0101da v\u0113lamo spiedienu. E\u013c\u013cas hidraulisk\u0101 sist\u0113ma nodro\u0161ina maksim\u0101lo g\u0101jienu 25 mm. Lai pasarg\u0101tu kolbas no boj\u0101jumiem, nedr\u012bkst p\u0101rsniegt maksim\u0101lo ieteicamo spiedienu 250 kg\/cm\u00b2. Iek\u0161\u0113jie izm\u0113ri cm \u00f810 h9.<\/p>\n<p>F60.1 Zobu kolbas prese (bez kron\u0161teina)<\/p>\n<p>F60.2 Kron\u0161teins zob\u0101rstniec\u012bbas flakonu presei<\/p>\n<p>Funkcijas<br \/>\ncm 30\u00d718,5\u00d718<br \/>\nAlum\u012bnija<\/p>","protected":false},"excerpt":{"rendered":"<p>Hydraulic flask press for polymerizing of cold-resins. Practical and safe device operated without compressed air or electricity. Made of die-cast<\/p>","protected":false},"featured_media":5471,"template":"","meta":[],"product_brand":[94],"product_cat":[51],"product_tag":[],"class_list":{"0":"post-2718","1":"product","2":"type-product","3":"status-publish","4":"has-post-thumbnail","6":"product_brand-larident","7":"product_cat-larident","9":"first","10":"instock","11":"shipping-taxable","12":"purchasable","13":"product-type-simple"},"_links":{"self":[{"href":"https:\/\/goldberg.lv\/lv\/wp-json\/wp\/v2\/product\/2718","targetHints":{"allow":["GET"]}}],"collection":[{"href":"https:\/\/goldberg.lv\/lv\/wp-json\/wp\/v2\/product"}],"about":[{"href":"https:\/\/goldberg.lv\/lv\/wp-json\/wp\/v2\/types\/product"}],"wp:featuredmedia":[{"embeddable":true,"href":"https:\/\/goldberg.lv\/lv\/wp-json\/wp\/v2\/media\/5471"}],"wp:attachment":[{"href":"https:\/\/goldberg.lv\/lv\/wp-json\/wp\/v2\/media?parent=2718"}],"wp:term":[{"taxonomy":"product_brand","embeddable":true,"href":"https:\/\/goldberg.lv\/lv\/wp-json\/wp\/v2\/product_brand?post=2718"},{"taxonomy":"product_cat","embeddable":true,"href":"https:\/\/goldberg.lv\/lv\/wp-json\/wp\/v2\/product_cat?post=2718"},{"taxonomy":"product_tag","embeddable":true,"href":"https:\/\/goldberg.lv\/lv\/wp-json\/wp\/v2\/product_tag?post=2718"}],"curies":[{"name":"wp","href":"https:\/\/api.w.org\/{rel}","templated":true}]}}