{"id":2716,"date":"2025-11-03T14:55:41","date_gmt":"2025-11-03T11:55:41","guid":{"rendered":"https:\/\/goldberg.lv\/shop\/f2-rigid-plastic-spatula-package-6\/"},"modified":"2026-04-15T16:13:52","modified_gmt":"2026-04-15T13:13:52","slug":"f2-rigid-plastic-spatula-package-6","status":"publish","type":"product","link":"https:\/\/goldberg.lv\/lv\/shop\/f2-rigid-plastic-spatula-package-6\/","title":{"rendered":"F2 RIGID PLASTIC SPATULA PACKAGE 6"},"content":{"rendered":"<p>F2-BI<br \/>\nCieta plastmasas l\u0101psti\u0146a algin\u0101tam<\/p>","protected":false},"excerpt":{"rendered":"<p>F2-BI Rigid plastic spatula for alginate<\/p>","protected":false},"featured_media":5512,"template":"","meta":[],"product_brand":[94],"product_cat":[51],"product_tag":[],"class_list":{"0":"post-2716","1":"product","2":"type-product","3":"status-publish","4":"has-post-thumbnail","6":"product_brand-larident","7":"product_cat-larident","9":"first","10":"instock","11":"shipping-taxable","12":"purchasable","13":"product-type-simple"},"_links":{"self":[{"href":"https:\/\/goldberg.lv\/lv\/wp-json\/wp\/v2\/product\/2716","targetHints":{"allow":["GET"]}}],"collection":[{"href":"https:\/\/goldberg.lv\/lv\/wp-json\/wp\/v2\/product"}],"about":[{"href":"https:\/\/goldberg.lv\/lv\/wp-json\/wp\/v2\/types\/product"}],"wp:featuredmedia":[{"embeddable":true,"href":"https:\/\/goldberg.lv\/lv\/wp-json\/wp\/v2\/media\/5512"}],"wp:attachment":[{"href":"https:\/\/goldberg.lv\/lv\/wp-json\/wp\/v2\/media?parent=2716"}],"wp:term":[{"taxonomy":"product_brand","embeddable":true,"href":"https:\/\/goldberg.lv\/lv\/wp-json\/wp\/v2\/product_brand?post=2716"},{"taxonomy":"product_cat","embeddable":true,"href":"https:\/\/goldberg.lv\/lv\/wp-json\/wp\/v2\/product_cat?post=2716"},{"taxonomy":"product_tag","embeddable":true,"href":"https:\/\/goldberg.lv\/lv\/wp-json\/wp\/v2\/product_tag?post=2716"}],"curies":[{"name":"wp","href":"https:\/\/api.w.org\/{rel}","templated":true}]}}