{"id":2706,"date":"2025-11-03T14:55:30","date_gmt":"2025-11-03T11:55:30","guid":{"rendered":"https:\/\/goldberg.lv\/shop\/c90-instruments-cleaner-sponges-0-5-pcs-50\/"},"modified":"2026-04-15T17:45:51","modified_gmt":"2026-04-15T14:45:51","slug":"c90-instruments-cleaner-sponges-0-5-pcs-50","status":"publish","type":"product","link":"https:\/\/goldberg.lv\/lv\/shop\/c90-instruments-cleaner-sponges-0-5-pcs-50\/","title":{"rendered":"C90 INSTRUMENTU T\u012aR\u012a\u0160ANAS S\u016aK\u013bI 0,5 GAB.50"},"content":{"rendered":"<p>Endodontiskie s\u016bk\u013ci<br \/>\ncm \u00f8 5 h 0,5<br \/>\n50 gab.<\/p>","protected":false},"excerpt":{"rendered":"<p>Endodontic sponges cm \u00f8 5 h 0,5 50 pcs<\/p>","protected":false},"featured_media":5522,"template":"","meta":[],"product_brand":[94],"product_cat":[51],"product_tag":[],"class_list":{"0":"post-2706","1":"product","2":"type-product","3":"status-publish","4":"has-post-thumbnail","6":"product_brand-larident","7":"product_cat-larident","9":"first","10":"outofstock","11":"shipping-taxable","12":"purchasable","13":"product-type-simple"},"_links":{"self":[{"href":"https:\/\/goldberg.lv\/lv\/wp-json\/wp\/v2\/product\/2706","targetHints":{"allow":["GET"]}}],"collection":[{"href":"https:\/\/goldberg.lv\/lv\/wp-json\/wp\/v2\/product"}],"about":[{"href":"https:\/\/goldberg.lv\/lv\/wp-json\/wp\/v2\/types\/product"}],"wp:featuredmedia":[{"embeddable":true,"href":"https:\/\/goldberg.lv\/lv\/wp-json\/wp\/v2\/media\/5522"}],"wp:attachment":[{"href":"https:\/\/goldberg.lv\/lv\/wp-json\/wp\/v2\/media?parent=2706"}],"wp:term":[{"taxonomy":"product_brand","embeddable":true,"href":"https:\/\/goldberg.lv\/lv\/wp-json\/wp\/v2\/product_brand?post=2706"},{"taxonomy":"product_cat","embeddable":true,"href":"https:\/\/goldberg.lv\/lv\/wp-json\/wp\/v2\/product_cat?post=2706"},{"taxonomy":"product_tag","embeddable":true,"href":"https:\/\/goldberg.lv\/lv\/wp-json\/wp\/v2\/product_tag?post=2706"}],"curies":[{"name":"wp","href":"https:\/\/api.w.org\/{rel}","templated":true}]}}