{"id":2702,"date":"2025-11-03T14:55:25","date_gmt":"2025-11-03T11:55:25","guid":{"rendered":"https:\/\/goldberg.lv\/shop\/c784-self-sealing-pouches-140-x-260-mm-200-pcs\/"},"modified":"2026-04-15T17:45:50","modified_gmt":"2026-04-15T14:45:50","slug":"c784-self-sealing-pouches-140-x-260-mm-200-pcs","status":"publish","type":"product","link":"https:\/\/goldberg.lv\/lv\/shop\/c784-self-sealing-pouches-140-x-260-mm-200-pcs\/","title":{"rendered":"C784 SELF SEALING POUCHES 140 x 260 mm. &#8211; 200 PCS"},"content":{"rendered":"<p>Pa\u0161bl\u012bv\u0113jo\u0161i maisi\u0146i steriliz\u0101cijai, kas izgatavoti no vienas puses no medic\u012bnisk\u0101 pap\u012bra, bet no otras - no PET\/PP pl\u0113ves, piem\u0113roti tvaika vai EO g\u0101zes steriliz\u0101cijai. Dubultie steriliz\u0101cijas parametri ar iek\u0161\u0113jiem un \u0101r\u0113jiem indikatoriem.<\/p>\n<p>C784<br \/>\nPa\u0161l\u012bm\u0113jo\u0161i maisi\u0146i 140\u00d7260 mm. Kaste 8\u00d7200 gab. <\/p>","protected":false},"excerpt":{"rendered":"<p>Self-sealing bags for sterilization produced with one side in medical paper and one with PET \/ PP film, suitable for<\/p>","protected":false},"featured_media":5527,"template":"","meta":[],"product_brand":[94],"product_cat":[51],"product_tag":[],"class_list":{"0":"post-2702","1":"product","2":"type-product","3":"status-publish","4":"has-post-thumbnail","6":"product_brand-larident","7":"product_cat-larident","9":"first","10":"outofstock","11":"shipping-taxable","12":"purchasable","13":"product-type-simple"},"_links":{"self":[{"href":"https:\/\/goldberg.lv\/lv\/wp-json\/wp\/v2\/product\/2702","targetHints":{"allow":["GET"]}}],"collection":[{"href":"https:\/\/goldberg.lv\/lv\/wp-json\/wp\/v2\/product"}],"about":[{"href":"https:\/\/goldberg.lv\/lv\/wp-json\/wp\/v2\/types\/product"}],"wp:featuredmedia":[{"embeddable":true,"href":"https:\/\/goldberg.lv\/lv\/wp-json\/wp\/v2\/media\/5527"}],"wp:attachment":[{"href":"https:\/\/goldberg.lv\/lv\/wp-json\/wp\/v2\/media?parent=2702"}],"wp:term":[{"taxonomy":"product_brand","embeddable":true,"href":"https:\/\/goldberg.lv\/lv\/wp-json\/wp\/v2\/product_brand?post=2702"},{"taxonomy":"product_cat","embeddable":true,"href":"https:\/\/goldberg.lv\/lv\/wp-json\/wp\/v2\/product_cat?post=2702"},{"taxonomy":"product_tag","embeddable":true,"href":"https:\/\/goldberg.lv\/lv\/wp-json\/wp\/v2\/product_tag?post=2702"}],"curies":[{"name":"wp","href":"https:\/\/api.w.org\/{rel}","templated":true}]}}