{"id":2701,"date":"2025-11-03T14:55:24","date_gmt":"2025-11-03T11:55:24","guid":{"rendered":"https:\/\/goldberg.lv\/shop\/c783-self-sealing-pouches-90-x-250-mm-200-pcs\/"},"modified":"2026-04-15T16:13:45","modified_gmt":"2026-04-15T13:13:45","slug":"c783-self-sealing-pouches-90-x-250-mm-200-pcs","status":"publish","type":"product","link":"https:\/\/goldberg.lv\/lv\/shop\/c783-self-sealing-pouches-90-x-250-mm-200-pcs\/","title":{"rendered":"C783 SELF SEALING POUCHES 90 x 250 mm. &#8211; 200 PCS"},"content":{"rendered":"<p>C783<br \/>\nPa\u0161l\u012bm\u0113jo\u0161i maisi\u0146i 90\u00d7250 mm. Kaste 12\u00d7200 gab. Palete 36 gab.<\/p>","protected":false},"excerpt":{"rendered":"<p>C783 Self sealing pouches 90\u00d7250 mm. Box 12\u00d7200 pcs. Pallet 36 pcs<\/p>","protected":false},"featured_media":5527,"template":"","meta":[],"product_brand":[94],"product_cat":[51],"product_tag":[],"class_list":{"0":"post-2701","1":"product","2":"type-product","3":"status-publish","4":"has-post-thumbnail","6":"product_brand-larident","7":"product_cat-larident","9":"first","10":"instock","11":"shipping-taxable","12":"purchasable","13":"product-type-simple"},"_links":{"self":[{"href":"https:\/\/goldberg.lv\/lv\/wp-json\/wp\/v2\/product\/2701","targetHints":{"allow":["GET"]}}],"collection":[{"href":"https:\/\/goldberg.lv\/lv\/wp-json\/wp\/v2\/product"}],"about":[{"href":"https:\/\/goldberg.lv\/lv\/wp-json\/wp\/v2\/types\/product"}],"wp:featuredmedia":[{"embeddable":true,"href":"https:\/\/goldberg.lv\/lv\/wp-json\/wp\/v2\/media\/5527"}],"wp:attachment":[{"href":"https:\/\/goldberg.lv\/lv\/wp-json\/wp\/v2\/media?parent=2701"}],"wp:term":[{"taxonomy":"product_brand","embeddable":true,"href":"https:\/\/goldberg.lv\/lv\/wp-json\/wp\/v2\/product_brand?post=2701"},{"taxonomy":"product_cat","embeddable":true,"href":"https:\/\/goldberg.lv\/lv\/wp-json\/wp\/v2\/product_cat?post=2701"},{"taxonomy":"product_tag","embeddable":true,"href":"https:\/\/goldberg.lv\/lv\/wp-json\/wp\/v2\/product_tag?post=2701"}],"curies":[{"name":"wp","href":"https:\/\/api.w.org\/{rel}","templated":true}]}}