{"id":2700,"date":"2025-11-03T14:55:23","date_gmt":"2025-11-03T11:55:23","guid":{"rendered":"https:\/\/goldberg.lv\/shop\/c780-self-sealing-pouches-60-x-100-mm-200-pcs\/"},"modified":"2026-04-15T16:13:44","modified_gmt":"2026-04-15T13:13:44","slug":"c780-self-sealing-pouches-60-x-100-mm-200-pcs","status":"publish","type":"product","link":"https:\/\/goldberg.lv\/lv\/shop\/c780-self-sealing-pouches-60-x-100-mm-200-pcs\/","title":{"rendered":"C780 SELF SEALING POUCHES 60 x 100 mm. &#8211; 200 PCS"},"content":{"rendered":"<p>C780<br \/>\nPa\u0161l\u012bm\u0113jo\u0161i maisi\u0146i 60\u00d7100 mm. Kaste 21\u00d7200 gab. <\/p>","protected":false},"excerpt":{"rendered":"<p>C780 Self sealing pouches 60\u00d7100 mm. Box 21\u00d7200 pcs.<\/p>","protected":false},"featured_media":5527,"template":"","meta":[],"product_brand":[94],"product_cat":[51],"product_tag":[],"class_list":{"0":"post-2700","1":"product","2":"type-product","3":"status-publish","4":"has-post-thumbnail","6":"product_brand-larident","7":"product_cat-larident","9":"first","10":"instock","11":"shipping-taxable","12":"purchasable","13":"product-type-simple"},"_links":{"self":[{"href":"https:\/\/goldberg.lv\/lv\/wp-json\/wp\/v2\/product\/2700","targetHints":{"allow":["GET"]}}],"collection":[{"href":"https:\/\/goldberg.lv\/lv\/wp-json\/wp\/v2\/product"}],"about":[{"href":"https:\/\/goldberg.lv\/lv\/wp-json\/wp\/v2\/types\/product"}],"wp:featuredmedia":[{"embeddable":true,"href":"https:\/\/goldberg.lv\/lv\/wp-json\/wp\/v2\/media\/5527"}],"wp:attachment":[{"href":"https:\/\/goldberg.lv\/lv\/wp-json\/wp\/v2\/media?parent=2700"}],"wp:term":[{"taxonomy":"product_brand","embeddable":true,"href":"https:\/\/goldberg.lv\/lv\/wp-json\/wp\/v2\/product_brand?post=2700"},{"taxonomy":"product_cat","embeddable":true,"href":"https:\/\/goldberg.lv\/lv\/wp-json\/wp\/v2\/product_cat?post=2700"},{"taxonomy":"product_tag","embeddable":true,"href":"https:\/\/goldberg.lv\/lv\/wp-json\/wp\/v2\/product_tag?post=2700"}],"curies":[{"name":"wp","href":"https:\/\/api.w.org\/{rel}","templated":true}]}}