{"id":2698,"date":"2025-11-03T14:55:20","date_gmt":"2025-11-03T11:55:20","guid":{"rendered":"https:\/\/goldberg.lv\/shop\/c75-flat-reels-mm-200-x-200-mt\/"},"modified":"2026-04-15T16:13:43","modified_gmt":"2026-04-15T13:13:43","slug":"c75-flat-reels-mm-200-x-200-mt","status":"publish","type":"product","link":"https:\/\/goldberg.lv\/lv\/shop\/c75-flat-reels-mm-200-x-200-mt\/","title":{"rendered":"C75 PLATK\u0100S RITE\u0145AS mm 200 x 200 mt."},"content":{"rendered":"<p>C75<br \/>\nPlakanie ru\u013c\u013ci mm 200\u00d7200 mt. Kartona k\u0101rba 2 gab. Palete 49 gab.<\/p>","protected":false},"excerpt":{"rendered":"<p>C75 Flat reels mm 200\u00d7200 mt. Carton 2 pcs. Pallet 49 pcs<\/p>","protected":false},"featured_media":5530,"template":"","meta":[],"product_brand":[94],"product_cat":[51],"product_tag":[],"class_list":{"0":"post-2698","1":"product","2":"type-product","3":"status-publish","4":"has-post-thumbnail","6":"product_brand-larident","7":"product_cat-larident","9":"first","10":"instock","11":"shipping-taxable","12":"purchasable","13":"product-type-simple"},"_links":{"self":[{"href":"https:\/\/goldberg.lv\/lv\/wp-json\/wp\/v2\/product\/2698","targetHints":{"allow":["GET"]}}],"collection":[{"href":"https:\/\/goldberg.lv\/lv\/wp-json\/wp\/v2\/product"}],"about":[{"href":"https:\/\/goldberg.lv\/lv\/wp-json\/wp\/v2\/types\/product"}],"wp:featuredmedia":[{"embeddable":true,"href":"https:\/\/goldberg.lv\/lv\/wp-json\/wp\/v2\/media\/5530"}],"wp:attachment":[{"href":"https:\/\/goldberg.lv\/lv\/wp-json\/wp\/v2\/media?parent=2698"}],"wp:term":[{"taxonomy":"product_brand","embeddable":true,"href":"https:\/\/goldberg.lv\/lv\/wp-json\/wp\/v2\/product_brand?post=2698"},{"taxonomy":"product_cat","embeddable":true,"href":"https:\/\/goldberg.lv\/lv\/wp-json\/wp\/v2\/product_cat?post=2698"},{"taxonomy":"product_tag","embeddable":true,"href":"https:\/\/goldberg.lv\/lv\/wp-json\/wp\/v2\/product_tag?post=2698"}],"curies":[{"name":"wp","href":"https:\/\/api.w.org\/{rel}","templated":true}]}}