{"id":2693,"date":"2025-11-03T14:55:10","date_gmt":"2025-11-03T11:55:10","guid":{"rendered":"https:\/\/goldberg.lv\/shop\/c70-head-rest-cover1ply-paper-1ply-plast175-gre\/"},"modified":"2026-04-15T16:13:41","modified_gmt":"2026-04-15T13:13:41","slug":"c70-head-rest-cover1ply-paper-1ply-plast175-gre","status":"publish","type":"product","link":"https:\/\/goldberg.lv\/lv\/shop\/c70-head-rest-cover1ply-paper-1ply-plast175-gre\/","title":{"rendered":"C70 HEAD REST COVER+1PLY PAPER +1PLY PLAST175 GRE"},"content":{"rendered":"<p>Galvas balsta p\u0101rvalki, izgatavoti no celulozes + ne sterilas folijas. Univers\u0101ls zob\u0101rstniec\u012bbas kr\u0113sliem. Lieliska pacienta galvas aizsardz\u012bba, viegli lietojams. Izm\u0113ri 29\u00d730 cm 1 iepakojums = 175 gab.<\/p>\n<p>Funkcijas<br \/>\ncm 29\u00d730<br \/>\nCeluloze, plastmasa<br \/>\n175 gab.<\/p>","protected":false},"excerpt":{"rendered":"<p>Head rest covers, made of cellulose + non sterile foil. Universal for dental chairs. Great protection for patient\u2019s head, easy<\/p>","protected":false},"featured_media":5531,"template":"","meta":[],"product_brand":[94],"product_cat":[51],"product_tag":[],"class_list":{"0":"post-2693","1":"product","2":"type-product","3":"status-publish","4":"has-post-thumbnail","6":"product_brand-larident","7":"product_cat-larident","9":"first","10":"instock","11":"shipping-taxable","12":"purchasable","13":"product-type-simple"},"_links":{"self":[{"href":"https:\/\/goldberg.lv\/lv\/wp-json\/wp\/v2\/product\/2693","targetHints":{"allow":["GET"]}}],"collection":[{"href":"https:\/\/goldberg.lv\/lv\/wp-json\/wp\/v2\/product"}],"about":[{"href":"https:\/\/goldberg.lv\/lv\/wp-json\/wp\/v2\/types\/product"}],"wp:featuredmedia":[{"embeddable":true,"href":"https:\/\/goldberg.lv\/lv\/wp-json\/wp\/v2\/media\/5531"}],"wp:attachment":[{"href":"https:\/\/goldberg.lv\/lv\/wp-json\/wp\/v2\/media?parent=2693"}],"wp:term":[{"taxonomy":"product_brand","embeddable":true,"href":"https:\/\/goldberg.lv\/lv\/wp-json\/wp\/v2\/product_brand?post=2693"},{"taxonomy":"product_cat","embeddable":true,"href":"https:\/\/goldberg.lv\/lv\/wp-json\/wp\/v2\/product_cat?post=2693"},{"taxonomy":"product_tag","embeddable":true,"href":"https:\/\/goldberg.lv\/lv\/wp-json\/wp\/v2\/product_tag?post=2693"}],"curies":[{"name":"wp","href":"https:\/\/api.w.org\/{rel}","templated":true}]}}