{"id":2690,"date":"2025-11-03T14:55:01","date_gmt":"2025-11-03T11:55:01","guid":{"rendered":"https:\/\/goldberg.lv\/shop\/c63-towels-1-ply-plast-2-ply-paper-children-bl\/"},"modified":"2026-04-15T16:13:39","modified_gmt":"2026-04-15T13:13:39","slug":"c63-towels-1-ply-plast-2-ply-paper-children-bl","status":"publish","type":"product","link":"https:\/\/goldberg.lv\/lv\/shop\/c63-towels-1-ply-plast-2-ply-paper-children-bl\/","title":{"rendered":"C63 Dvie\u013cu dvie\u013ci 1 PLY PLAST.+ 2 PLY PAPIERA b\u0113rniem BL"},"content":{"rendered":"<p>Pap\u012bra dvie\u013ci, 2 sl\u0101\u0146i, 1 sl\u0101nis pap\u012bra + 1 sl\u0101nis plastmasas, b\u0113rnu modelis ar z\u012bm\u0113jumiem. Balts fons ar apdruku zil\u0101 vai roz\u0101 kr\u0101s\u0101<\/p>\n<p>Funkcijas<br \/>\natv\u0113rts cm 45\u00d732,2 saloc\u012bts cm 16,1\u00d711,3<br \/>\nPap\u012brs, plastmasa<br \/>\n500 gab.<br \/>\nPaletes: 80<\/p>","protected":false},"excerpt":{"rendered":"<p>Paper towels, 2 plies, 1 ply paper + 1 ply plastic, childrens\u2019 model with drawings. White background with print in<\/p>","protected":false},"featured_media":5532,"template":"","meta":[],"product_brand":[94],"product_cat":[51],"product_tag":[],"class_list":{"0":"post-2690","1":"product","2":"type-product","3":"status-publish","4":"has-post-thumbnail","6":"product_brand-larident","7":"product_cat-larident","9":"first","10":"instock","11":"shipping-taxable","12":"purchasable","13":"product-type-simple"},"_links":{"self":[{"href":"https:\/\/goldberg.lv\/lv\/wp-json\/wp\/v2\/product\/2690","targetHints":{"allow":["GET"]}}],"collection":[{"href":"https:\/\/goldberg.lv\/lv\/wp-json\/wp\/v2\/product"}],"about":[{"href":"https:\/\/goldberg.lv\/lv\/wp-json\/wp\/v2\/types\/product"}],"wp:featuredmedia":[{"embeddable":true,"href":"https:\/\/goldberg.lv\/lv\/wp-json\/wp\/v2\/media\/5532"}],"wp:attachment":[{"href":"https:\/\/goldberg.lv\/lv\/wp-json\/wp\/v2\/media?parent=2690"}],"wp:term":[{"taxonomy":"product_brand","embeddable":true,"href":"https:\/\/goldberg.lv\/lv\/wp-json\/wp\/v2\/product_brand?post=2690"},{"taxonomy":"product_cat","embeddable":true,"href":"https:\/\/goldberg.lv\/lv\/wp-json\/wp\/v2\/product_cat?post=2690"},{"taxonomy":"product_tag","embeddable":true,"href":"https:\/\/goldberg.lv\/lv\/wp-json\/wp\/v2\/product_tag?post=2690"}],"curies":[{"name":"wp","href":"https:\/\/api.w.org\/{rel}","templated":true}]}}