{"id":2688,"date":"2025-11-03T14:54:57","date_gmt":"2025-11-03T11:54:57","guid":{"rendered":"https:\/\/goldberg.lv\/shop\/c62-towels-1-ply-plast-1-ply-paper-100-pcs-mg\/"},"modified":"2026-04-15T16:13:38","modified_gmt":"2026-04-15T13:13:38","slug":"c62-towels-1-ply-plast-1-ply-paper-100-pcs-mg","status":"publish","type":"product","link":"https:\/\/goldberg.lv\/lv\/shop\/c62-towels-1-ply-plast-1-ply-paper-100-pcs-mg\/","title":{"rendered":"C62 TOWELS 1 PLY PLAST.+ 1 PLY PAPER, 100 PCS MG"},"content":{"rendered":"<p>Pap\u012bra dvie\u013ci, 2 sl\u0101\u0146i, 1 pap\u012bra sl\u0101nis \/ 1 PE sl\u0101nis, iepakojum\u0101 500 gab., pieejamas 8 kr\u0101sas. Lieliska absorbcijas sp\u0113ja un iztur\u012bba pret pl\u012bsumiem<\/p>\n<p>Funkcijas<br \/>\natv\u0113rts cm 45\u00d732,2 saloc\u012bts cm 16,1\u00d711,3<br \/>\nPap\u012brs, plastmasa<br \/>\n500 gab.<br \/>\nPaletes: 80<\/p>","protected":false},"excerpt":{"rendered":"<p>Paper towels, 2 plies, 1 paper ply \/ 1 PE ply, in package of 500 pcs, 8 colours available. Excellent<\/p>","protected":false},"featured_media":5534,"template":"","meta":[],"product_brand":[94],"product_cat":[51],"product_tag":[],"class_list":{"0":"post-2688","1":"product","2":"type-product","3":"status-publish","4":"has-post-thumbnail","6":"product_brand-larident","7":"product_cat-larident","9":"first","10":"instock","11":"shipping-taxable","12":"purchasable","13":"product-type-simple"},"_links":{"self":[{"href":"https:\/\/goldberg.lv\/lv\/wp-json\/wp\/v2\/product\/2688","targetHints":{"allow":["GET"]}}],"collection":[{"href":"https:\/\/goldberg.lv\/lv\/wp-json\/wp\/v2\/product"}],"about":[{"href":"https:\/\/goldberg.lv\/lv\/wp-json\/wp\/v2\/types\/product"}],"wp:featuredmedia":[{"embeddable":true,"href":"https:\/\/goldberg.lv\/lv\/wp-json\/wp\/v2\/media\/5534"}],"wp:attachment":[{"href":"https:\/\/goldberg.lv\/lv\/wp-json\/wp\/v2\/media?parent=2688"}],"wp:term":[{"taxonomy":"product_brand","embeddable":true,"href":"https:\/\/goldberg.lv\/lv\/wp-json\/wp\/v2\/product_brand?post=2688"},{"taxonomy":"product_cat","embeddable":true,"href":"https:\/\/goldberg.lv\/lv\/wp-json\/wp\/v2\/product_cat?post=2688"},{"taxonomy":"product_tag","embeddable":true,"href":"https:\/\/goldberg.lv\/lv\/wp-json\/wp\/v2\/product_tag?post=2688"}],"curies":[{"name":"wp","href":"https:\/\/api.w.org\/{rel}","templated":true}]}}